{"id":52452,"date":"2026-01-06T22:34:31","date_gmt":"2026-01-07T04:34:31","guid":{"rendered":"https:\/\/floristeriaeltulipan.com\/?post_type=product&#038;p=52452"},"modified":"2026-02-06T13:06:00","modified_gmt":"2026-02-06T19:06:00","slug":"caja-de-flores-mixtas-con-globo","status":"publish","type":"product","link":"https:\/\/floristeriaeltulipan.com\/en\/tienda\/caja-de-flores-mixtas-con-globo\/","title":{"rendered":"Mixed Flower Box with Balloon"},"content":{"rendered":"","protected":false},"excerpt":{"rendered":"<p>Un detalle moderno y lleno de alegr\u00eda. Este dise\u00f1o en caja cil\u00edndrica es la tendencia del momento para regalar flores de una forma diferente y pr\u00e1ctica.<\/p>\n<ul>\n<li><strong>Flowers<\/strong>: Vibrante combinaci\u00f3n de rosas (naranjas, blancas y rojas) con mini claveles y follaje.<\/li>\n<li><strong>Presentaci\u00f3n<\/strong>: Base redonda de cart\u00f3n r\u00edgido (estilo sombrerera) en color blanco, con cinta decorativa satinada.<\/li>\n<li><strong>What's included<\/strong>: Globo met\u00e1lico \u00abLove You\u00bb para completar el mensaje.<\/li>\n<li><strong>Ventaja<\/strong>: No requiere florero, el arreglo viene listo para decorar cualquier rinc\u00f3n.<\/li>\n<\/ul>","protected":false},"featured_media":52455,"template":"","meta":[],"product_brand":[],"product_cat":[598,551,582,516,599],"product_tag":[],"class_list":{"0":"post-52452","1":"product","2":"type-product","3":"status-publish","4":"has-post-thumbnail","6":"product_cat-aniversario","7":"product_cat-dia-madres","8":"product_cat-san-valentin","9":"product_cat-ramos-flores-cumpleanos","10":"product_cat-solo-porque-si","12":"first","13":"instock","14":"shipping-taxable","15":"purchasable","16":"product-type-simple"},"yoast_head":"<!-- This site is optimized with the Yoast SEO plugin v27.6 - https:\/\/yoast.com\/product\/yoast-seo-wordpress\/ -->\n<title>Caja de Flores Mixtas con Globo<\/title>\n<meta name=\"description\" content=\"Hermoso arreglo floral en caja redonda con globo &quot;Love You&quot;. Dise\u00f1o moderno con rosas mixtas en base de cart\u00f3n. \u00a1Regalo perfecto en Managua!\" \/>\n<meta name=\"robots\" content=\"index, follow, max-snippet:-1, max-image-preview:large, max-video-preview:-1\" \/>\n<link rel=\"canonical\" href=\"https:\/\/floristeriaeltulipan.com\/en\/store\/caja-de-flores-mixtas-con-globo\/\" \/>\n<meta property=\"og:locale\" content=\"en_US\" \/>\n<meta property=\"og:type\" content=\"article\" \/>\n<meta property=\"og:title\" content=\"Caja de Flores Mixtas con Globo\" \/>\n<meta property=\"og:description\" content=\"Hermoso arreglo floral en caja redonda con globo &quot;Love You&quot;. Dise\u00f1o moderno con rosas mixtas en base de cart\u00f3n. \u00a1Regalo perfecto en Managua!\" \/>\n<meta property=\"og:url\" content=\"https:\/\/floristeriaeltulipan.com\/en\/store\/caja-de-flores-mixtas-con-globo\/\" \/>\n<meta property=\"og:site_name\" content=\"Floristeria El Tulipan\" \/>\n<meta property=\"article:publisher\" content=\"https:\/\/www.facebook.com\/eltulipani\" \/>\n<meta property=\"article:modified_time\" content=\"2026-02-06T19:06:00+00:00\" \/>\n<meta property=\"og:image\" content=\"https:\/\/floristeriaeltulipan.com\/wp-content\/uploads\/2026\/01\/arreglo-mixto-globo.jpeg\" \/>\n\t<meta property=\"og:image:width\" content=\"800\" \/>\n\t<meta property=\"og:image:height\" content=\"800\" \/>\n\t<meta property=\"og:image:type\" content=\"image\/jpeg\" \/>\n<meta name=\"twitter:card\" content=\"summary_large_image\" \/>\n<!-- \/ Yoast SEO plugin. -->","yoast_head_json":{"title":"Mixed Flower Box with Balloon","description":"Hermoso arreglo floral en caja redonda con globo \"Love You\". Dise\u00f1o moderno con rosas mixtas en base de cart\u00f3n. \u00a1Regalo perfecto en Managua!","robots":{"index":"index","follow":"follow","max-snippet":"max-snippet:-1","max-image-preview":"max-image-preview:large","max-video-preview":"max-video-preview:-1"},"canonical":"https:\/\/floristeriaeltulipan.com\/en\/store\/caja-de-flores-mixtas-con-globo\/","og_locale":"en_US","og_type":"article","og_title":"Caja de Flores Mixtas con Globo","og_description":"Hermoso arreglo floral en caja redonda con globo \"Love You\". Dise\u00f1o moderno con rosas mixtas en base de cart\u00f3n. \u00a1Regalo perfecto en Managua!","og_url":"https:\/\/floristeriaeltulipan.com\/en\/store\/caja-de-flores-mixtas-con-globo\/","og_site_name":"Floristeria El Tulipan","article_publisher":"https:\/\/www.facebook.com\/eltulipani","article_modified_time":"2026-02-06T19:06:00+00:00","og_image":[{"url":"https:\/\/floristeriaeltulipan.com\/wp-content\/uploads\/2026\/01\/arreglo-mixto-globo.jpeg","width":800,"height":800,"type":"image\/jpeg"}],"twitter_card":"summary_large_image","schema":{"@context":"https:\/\/schema.org","@graph":[{"@type":"WebPage","@id":"https:\/\/floristeriaeltulipan.com\/tienda\/caja-de-flores-mixtas-con-globo\/","url":"https:\/\/floristeriaeltulipan.com\/tienda\/caja-de-flores-mixtas-con-globo\/","name":"Mixed Flower Box with Balloon","isPartOf":{"@id":"https:\/\/floristeriaeltulipan.com\/#website"},"primaryImageOfPage":{"@id":"https:\/\/floristeriaeltulipan.com\/tienda\/caja-de-flores-mixtas-con-globo\/#primaryimage"},"image":{"@id":"https:\/\/floristeriaeltulipan.com\/tienda\/caja-de-flores-mixtas-con-globo\/#primaryimage"},"thumbnailUrl":"https:\/\/floristeriaeltulipan.com\/wp-content\/uploads\/2026\/01\/arreglo-mixto-globo.jpeg","datePublished":"2026-01-07T04:34:31+00:00","dateModified":"2026-02-06T19:06:00+00:00","description":"Hermoso arreglo floral en caja redonda con globo \"Love You\". Dise\u00f1o moderno con rosas mixtas en base de cart\u00f3n. \u00a1Regalo perfecto en Managua!","breadcrumb":{"@id":"https:\/\/floristeriaeltulipan.com\/tienda\/caja-de-flores-mixtas-con-globo\/#breadcrumb"},"inLanguage":"en-US","potentialAction":[{"@type":"ReadAction","target":["https:\/\/floristeriaeltulipan.com\/tienda\/caja-de-flores-mixtas-con-globo\/"]}]},{"@type":"ImageObject","inLanguage":"en-US","@id":"https:\/\/floristeriaeltulipan.com\/tienda\/caja-de-flores-mixtas-con-globo\/#primaryimage","url":"https:\/\/floristeriaeltulipan.com\/wp-content\/uploads\/2026\/01\/arreglo-mixto-globo.jpeg","contentUrl":"https:\/\/floristeriaeltulipan.com\/wp-content\/uploads\/2026\/01\/arreglo-mixto-globo.jpeg","width":1024,"height":1024,"caption":"arreglo de flores variadas con globo"},{"@type":"BreadcrumbList","@id":"https:\/\/floristeriaeltulipan.com\/tienda\/caja-de-flores-mixtas-con-globo\/#breadcrumb","itemListElement":[{"@type":"ListItem","position":1,"name":"Inicio","item":"https:\/\/floristeriaeltulipan.com\/"},{"@type":"ListItem","position":2,"name":"Cat\u00e1logo","item":"https:\/\/floristeriaeltulipan.com\/tienda\/"},{"@type":"ListItem","position":3,"name":"Caja de Flores Mixtas con Globo"}]},{"@type":"WebSite","@id":"https:\/\/floristeriaeltulipan.com\/#website","url":"https:\/\/floristeriaeltulipan.com\/","name":"Floristeria El Tulipan","description":"Send flowers to Nicaragua with Floristeria El Tulipan","publisher":{"@id":"https:\/\/floristeriaeltulipan.com\/#organization"},"potentialAction":[{"@type":"SearchAction","target":{"@type":"EntryPoint","urlTemplate":"https:\/\/floristeriaeltulipan.com\/?s={search_term_string}"},"query-input":{"@type":"PropertyValueSpecification","valueRequired":true,"valueName":"search_term_string"}}],"inLanguage":"en-US"},{"@type":"Organization","@id":"https:\/\/floristeriaeltulipan.com\/#organization","name":"Floristeria El Tulipan","url":"https:\/\/floristeriaeltulipan.com\/","logo":{"@type":"ImageObject","inLanguage":"en-US","@id":"https:\/\/floristeriaeltulipan.com\/#\/schema\/logo\/image\/","url":"https:\/\/floristeriaeltulipan.com\/wp-content\/uploads\/2024\/05\/fact.webp","contentUrl":"https:\/\/floristeriaeltulipan.com\/wp-content\/uploads\/2024\/05\/fact.webp","width":500,"height":144,"caption":"Floristeria El Tulipan"},"image":{"@id":"https:\/\/floristeriaeltulipan.com\/#\/schema\/logo\/image\/"},"sameAs":["https:\/\/www.facebook.com\/eltulipani","https:\/\/www.instagram.com\/eltulipani\/","https:\/\/maps.app.goo.gl\/sReMfLKLG2G6pTk69"]}]}},"_links":{"self":[{"href":"https:\/\/floristeriaeltulipan.com\/en\/wp-json\/wp\/v2\/product\/52452","targetHints":{"allow":["GET"]}}],"collection":[{"href":"https:\/\/floristeriaeltulipan.com\/en\/wp-json\/wp\/v2\/product"}],"about":[{"href":"https:\/\/floristeriaeltulipan.com\/en\/wp-json\/wp\/v2\/types\/product"}],"wp:featuredmedia":[{"embeddable":true,"href":"https:\/\/floristeriaeltulipan.com\/en\/wp-json\/wp\/v2\/media\/52455"}],"wp:attachment":[{"href":"https:\/\/floristeriaeltulipan.com\/en\/wp-json\/wp\/v2\/media?parent=52452"}],"wp:term":[{"taxonomy":"product_brand","embeddable":true,"href":"https:\/\/floristeriaeltulipan.com\/en\/wp-json\/wp\/v2\/product_brand?post=52452"},{"taxonomy":"product_cat","embeddable":true,"href":"https:\/\/floristeriaeltulipan.com\/en\/wp-json\/wp\/v2\/product_cat?post=52452"},{"taxonomy":"product_tag","embeddable":true,"href":"https:\/\/floristeriaeltulipan.com\/en\/wp-json\/wp\/v2\/product_tag?post=52452"}],"curies":[{"name":"wp","href":"https:\/\/api.w.org\/{rel}","templated":true}]}}