{"id":50904,"date":"2024-05-03T23:42:53","date_gmt":"2024-05-04T05:42:53","guid":{"rendered":"https:\/\/floristeriaeltulipan.com\/?post_type=product&#038;p=50904"},"modified":"2026-01-23T14:44:55","modified_gmt":"2026-01-23T20:44:55","slug":"florero-de-rosas-peluche","status":"publish","type":"product","link":"https:\/\/floristeriaeltulipan.com\/en\/store\/florero-de-rosas-peluche\/","title":{"rendered":"Florero de 12 Rosas Rojas con Peluche Mediano"},"content":{"rendered":"","protected":false},"excerpt":{"rendered":"<p>Sorprend\u00e9 con este regalo completo: 12 rosas rojas en jarr\u00f3n de vidrio y un peluche mediano. El detalle ideal para lucirte hoy. \u00a1Env\u00edo a domicilio en Managua!ualquier ocasi\u00f3n especial.<\/p>\n<p>&nbsp;<\/p>\n<p><em><strong>*Nota: El modelo del peluche puede variar levemente seg\u00fan disponibilidad, pero te garantizamos que siempre mantendremos el estilo y el valor.<\/strong><\/em><\/p>","protected":false},"featured_media":50905,"template":"","meta":{"inline_featured_image":false},"product_brand":[],"product_cat":[515,577,551],"product_tag":[],"class_list":{"0":"post-50904","1":"product","2":"type-product","3":"status-publish","4":"has-post-thumbnail","6":"product_cat-amor","7":"product_cat-rosas-rojas","8":"product_cat-dia-madres","10":"first","11":"instock","12":"shipping-taxable","13":"purchasable","14":"product-type-simple"},"yoast_head":"<!-- This site is optimized with the Yoast SEO plugin v27.4 - https:\/\/yoast.com\/product\/yoast-seo-wordpress\/ -->\n<title>Florero de 12 Rosas Rojas con Peluche Mediano<\/title>\n<meta name=\"description\" content=\"\u00bfBusc\u00e1s el regalo ideal? Sorprend\u00e9 con 12 rosas rojas en jarr\u00f3n de vidrio y un peluche mediano. Entrega a domicilio en Managua. \u00a1Compr\u00e1 hoy!\" \/>\n<meta name=\"robots\" content=\"index, follow, max-snippet:-1, max-image-preview:large, max-video-preview:-1\" \/>\n<link rel=\"canonical\" href=\"https:\/\/floristeriaeltulipan.com\/en\/store\/florero-de-rosas-peluche\/\" \/>\n<meta property=\"og:locale\" content=\"en_US\" \/>\n<meta property=\"og:type\" content=\"article\" \/>\n<meta property=\"og:title\" content=\"Florero de 12 Rosas Rojas con Peluche Mediano\" \/>\n<meta property=\"og:description\" content=\"\u00bfBusc\u00e1s el regalo ideal? Sorprend\u00e9 con 12 rosas rojas en jarr\u00f3n de vidrio y un peluche mediano. Entrega a domicilio en Managua. \u00a1Compr\u00e1 hoy!\" \/>\n<meta property=\"og:url\" content=\"https:\/\/floristeriaeltulipan.com\/en\/store\/florero-de-rosas-peluche\/\" \/>\n<meta property=\"og:site_name\" content=\"Florister\u00eda El Tulip\u00e1n\" \/>\n<meta property=\"article:publisher\" content=\"https:\/\/www.facebook.com\/eltulipani\" \/>\n<meta property=\"article:modified_time\" content=\"2026-01-23T20:44:55+00:00\" \/>\n<meta property=\"og:image\" content=\"https:\/\/floristeriaeltulipan.com\/wp-content\/uploads\/2024\/05\/rosas-peluche-vidrio.webp\" \/>\n\t<meta property=\"og:image:width\" content=\"675\" \/>\n\t<meta property=\"og:image:height\" content=\"900\" \/>\n\t<meta property=\"og:image:type\" content=\"image\/webp\" \/>\n<meta name=\"twitter:card\" content=\"summary_large_image\" \/>\n<meta name=\"twitter:label1\" content=\"Est. reading time\" \/>\n\t<meta name=\"twitter:data1\" content=\"1 minute\" \/>\n<script type=\"application\/ld+json\" class=\"yoast-schema-graph\">{\"@context\":\"https:\\\/\\\/schema.org\",\"@graph\":[{\"@type\":\"WebPage\",\"@id\":\"https:\\\/\\\/floristeriaeltulipan.com\\\/tienda\\\/florero-de-rosas-peluche\\\/\",\"url\":\"https:\\\/\\\/floristeriaeltulipan.com\\\/tienda\\\/florero-de-rosas-peluche\\\/\",\"name\":\"Florero de 12 Rosas Rojas con Peluche Mediano\",\"isPartOf\":{\"@id\":\"https:\\\/\\\/floristeriaeltulipan.com\\\/#website\"},\"primaryImageOfPage\":{\"@id\":\"https:\\\/\\\/floristeriaeltulipan.com\\\/tienda\\\/florero-de-rosas-peluche\\\/#primaryimage\"},\"image\":{\"@id\":\"https:\\\/\\\/floristeriaeltulipan.com\\\/tienda\\\/florero-de-rosas-peluche\\\/#primaryimage\"},\"thumbnailUrl\":\"https:\\\/\\\/floristeriaeltulipan.com\\\/wp-content\\\/uploads\\\/2024\\\/05\\\/rosas-peluche-vidrio.webp\",\"datePublished\":\"2024-05-04T05:42:53+00:00\",\"dateModified\":\"2026-01-23T20:44:55+00:00\",\"description\":\"\u00bfBusc\u00e1s el regalo ideal? Sorprend\u00e9 con 12 rosas rojas en jarr\u00f3n de vidrio y un peluche mediano. Entrega a domicilio en Managua. \u00a1Compr\u00e1 hoy!\",\"breadcrumb\":{\"@id\":\"https:\\\/\\\/floristeriaeltulipan.com\\\/tienda\\\/florero-de-rosas-peluche\\\/#breadcrumb\"},\"inLanguage\":\"en-US\",\"potentialAction\":[{\"@type\":\"ReadAction\",\"target\":[\"https:\\\/\\\/floristeriaeltulipan.com\\\/tienda\\\/florero-de-rosas-peluche\\\/\"]}]},{\"@type\":\"ImageObject\",\"inLanguage\":\"en-US\",\"@id\":\"https:\\\/\\\/floristeriaeltulipan.com\\\/tienda\\\/florero-de-rosas-peluche\\\/#primaryimage\",\"url\":\"https:\\\/\\\/floristeriaeltulipan.com\\\/wp-content\\\/uploads\\\/2024\\\/05\\\/rosas-peluche-vidrio.webp\",\"contentUrl\":\"https:\\\/\\\/floristeriaeltulipan.com\\\/wp-content\\\/uploads\\\/2024\\\/05\\\/rosas-peluche-vidrio.webp\",\"width\":675,\"height\":900,\"caption\":\"florero de vidrio con rosas y peluche\"},{\"@type\":\"BreadcrumbList\",\"@id\":\"https:\\\/\\\/floristeriaeltulipan.com\\\/tienda\\\/florero-de-rosas-peluche\\\/#breadcrumb\",\"itemListElement\":[{\"@type\":\"ListItem\",\"position\":1,\"name\":\"Inicio\",\"item\":\"https:\\\/\\\/floristeriaeltulipan.com\\\/\"},{\"@type\":\"ListItem\",\"position\":2,\"name\":\"Cat\u00e1logo\",\"item\":\"https:\\\/\\\/floristeriaeltulipan.com\\\/tienda\\\/\"},{\"@type\":\"ListItem\",\"position\":3,\"name\":\"Florero de 12 Rosas Rojas con Peluche Mediano\"}]},{\"@type\":\"WebSite\",\"@id\":\"https:\\\/\\\/floristeriaeltulipan.com\\\/#website\",\"url\":\"https:\\\/\\\/floristeriaeltulipan.com\\\/\",\"name\":\"Floristeria El Tulipan\",\"description\":\"Envia flores a Nicaragua con Floristeria El Tulipan\",\"publisher\":{\"@id\":\"https:\\\/\\\/floristeriaeltulipan.com\\\/#organization\"},\"potentialAction\":[{\"@type\":\"SearchAction\",\"target\":{\"@type\":\"EntryPoint\",\"urlTemplate\":\"https:\\\/\\\/floristeriaeltulipan.com\\\/?s={search_term_string}\"},\"query-input\":{\"@type\":\"PropertyValueSpecification\",\"valueRequired\":true,\"valueName\":\"search_term_string\"}}],\"inLanguage\":\"en-US\"},{\"@type\":\"Organization\",\"@id\":\"https:\\\/\\\/floristeriaeltulipan.com\\\/#organization\",\"name\":\"Floristeria El Tulipan\",\"url\":\"https:\\\/\\\/floristeriaeltulipan.com\\\/\",\"logo\":{\"@type\":\"ImageObject\",\"inLanguage\":\"en-US\",\"@id\":\"https:\\\/\\\/floristeriaeltulipan.com\\\/#\\\/schema\\\/logo\\\/image\\\/\",\"url\":\"https:\\\/\\\/floristeriaeltulipan.com\\\/wp-content\\\/uploads\\\/2024\\\/05\\\/fact.webp\",\"contentUrl\":\"https:\\\/\\\/floristeriaeltulipan.com\\\/wp-content\\\/uploads\\\/2024\\\/05\\\/fact.webp\",\"width\":500,\"height\":144,\"caption\":\"Floristeria El Tulipan\"},\"image\":{\"@id\":\"https:\\\/\\\/floristeriaeltulipan.com\\\/#\\\/schema\\\/logo\\\/image\\\/\"},\"sameAs\":[\"https:\\\/\\\/www.facebook.com\\\/eltulipani\",\"https:\\\/\\\/www.instagram.com\\\/eltulipani\\\/\",\"https:\\\/\\\/g.page\\\/eltulipani\\\/\"]}]}<\/script>\n<!-- \/ Yoast SEO plugin. -->","yoast_head_json":{"title":"Florero de 12 Rosas Rojas con Peluche Mediano","description":"\u00bfBusc\u00e1s el regalo ideal? Sorprend\u00e9 con 12 rosas rojas en jarr\u00f3n de vidrio y un peluche mediano. Entrega a domicilio en Managua. \u00a1Compr\u00e1 hoy!","robots":{"index":"index","follow":"follow","max-snippet":"max-snippet:-1","max-image-preview":"max-image-preview:large","max-video-preview":"max-video-preview:-1"},"canonical":"https:\/\/floristeriaeltulipan.com\/en\/store\/florero-de-rosas-peluche\/","og_locale":"en_US","og_type":"article","og_title":"Florero de 12 Rosas Rojas con Peluche Mediano","og_description":"\u00bfBusc\u00e1s el regalo ideal? Sorprend\u00e9 con 12 rosas rojas en jarr\u00f3n de vidrio y un peluche mediano. Entrega a domicilio en Managua. \u00a1Compr\u00e1 hoy!","og_url":"https:\/\/floristeriaeltulipan.com\/en\/store\/florero-de-rosas-peluche\/","og_site_name":"Florister\u00eda El Tulip\u00e1n","article_publisher":"https:\/\/www.facebook.com\/eltulipani","article_modified_time":"2026-01-23T20:44:55+00:00","og_image":[{"width":675,"height":900,"url":"https:\/\/floristeriaeltulipan.com\/wp-content\/uploads\/2024\/05\/rosas-peluche-vidrio.webp","type":"image\/webp"}],"twitter_card":"summary_large_image","twitter_misc":{"Est. reading time":"1 minute"},"schema":{"@context":"https:\/\/schema.org","@graph":[{"@type":"WebPage","@id":"https:\/\/floristeriaeltulipan.com\/tienda\/florero-de-rosas-peluche\/","url":"https:\/\/floristeriaeltulipan.com\/tienda\/florero-de-rosas-peluche\/","name":"Florero de 12 Rosas Rojas con Peluche Mediano","isPartOf":{"@id":"https:\/\/floristeriaeltulipan.com\/#website"},"primaryImageOfPage":{"@id":"https:\/\/floristeriaeltulipan.com\/tienda\/florero-de-rosas-peluche\/#primaryimage"},"image":{"@id":"https:\/\/floristeriaeltulipan.com\/tienda\/florero-de-rosas-peluche\/#primaryimage"},"thumbnailUrl":"https:\/\/floristeriaeltulipan.com\/wp-content\/uploads\/2024\/05\/rosas-peluche-vidrio.webp","datePublished":"2024-05-04T05:42:53+00:00","dateModified":"2026-01-23T20:44:55+00:00","description":"\u00bfBusc\u00e1s el regalo ideal? Sorprend\u00e9 con 12 rosas rojas en jarr\u00f3n de vidrio y un peluche mediano. Entrega a domicilio en Managua. \u00a1Compr\u00e1 hoy!","breadcrumb":{"@id":"https:\/\/floristeriaeltulipan.com\/tienda\/florero-de-rosas-peluche\/#breadcrumb"},"inLanguage":"en-US","potentialAction":[{"@type":"ReadAction","target":["https:\/\/floristeriaeltulipan.com\/tienda\/florero-de-rosas-peluche\/"]}]},{"@type":"ImageObject","inLanguage":"en-US","@id":"https:\/\/floristeriaeltulipan.com\/tienda\/florero-de-rosas-peluche\/#primaryimage","url":"https:\/\/floristeriaeltulipan.com\/wp-content\/uploads\/2024\/05\/rosas-peluche-vidrio.webp","contentUrl":"https:\/\/floristeriaeltulipan.com\/wp-content\/uploads\/2024\/05\/rosas-peluche-vidrio.webp","width":675,"height":900,"caption":"florero de vidrio con rosas y peluche"},{"@type":"BreadcrumbList","@id":"https:\/\/floristeriaeltulipan.com\/tienda\/florero-de-rosas-peluche\/#breadcrumb","itemListElement":[{"@type":"ListItem","position":1,"name":"Inicio","item":"https:\/\/floristeriaeltulipan.com\/"},{"@type":"ListItem","position":2,"name":"Cat\u00e1logo","item":"https:\/\/floristeriaeltulipan.com\/tienda\/"},{"@type":"ListItem","position":3,"name":"Florero de 12 Rosas Rojas con Peluche Mediano"}]},{"@type":"WebSite","@id":"https:\/\/floristeriaeltulipan.com\/#website","url":"https:\/\/floristeriaeltulipan.com\/","name":"Floristeria El Tulipan","description":"Send flowers to Nicaragua with Florister\u00eda El Tulip\u00e1n","publisher":{"@id":"https:\/\/floristeriaeltulipan.com\/#organization"},"potentialAction":[{"@type":"SearchAction","target":{"@type":"EntryPoint","urlTemplate":"https:\/\/floristeriaeltulipan.com\/?s={search_term_string}"},"query-input":{"@type":"PropertyValueSpecification","valueRequired":true,"valueName":"search_term_string"}}],"inLanguage":"en-US"},{"@type":"Organization","@id":"https:\/\/floristeriaeltulipan.com\/#organization","name":"Floristeria El Tulipan","url":"https:\/\/floristeriaeltulipan.com\/","logo":{"@type":"ImageObject","inLanguage":"en-US","@id":"https:\/\/floristeriaeltulipan.com\/#\/schema\/logo\/image\/","url":"https:\/\/floristeriaeltulipan.com\/wp-content\/uploads\/2024\/05\/fact.webp","contentUrl":"https:\/\/floristeriaeltulipan.com\/wp-content\/uploads\/2024\/05\/fact.webp","width":500,"height":144,"caption":"Floristeria El Tulipan"},"image":{"@id":"https:\/\/floristeriaeltulipan.com\/#\/schema\/logo\/image\/"},"sameAs":["https:\/\/www.facebook.com\/eltulipani","https:\/\/www.instagram.com\/eltulipani\/","https:\/\/g.page\/eltulipani\/"]}]}},"_links":{"self":[{"href":"https:\/\/floristeriaeltulipan.com\/en\/wp-json\/wp\/v2\/product\/50904","targetHints":{"allow":["GET"]}}],"collection":[{"href":"https:\/\/floristeriaeltulipan.com\/en\/wp-json\/wp\/v2\/product"}],"about":[{"href":"https:\/\/floristeriaeltulipan.com\/en\/wp-json\/wp\/v2\/types\/product"}],"wp:featuredmedia":[{"embeddable":true,"href":"https:\/\/floristeriaeltulipan.com\/en\/wp-json\/wp\/v2\/media\/50905"}],"wp:attachment":[{"href":"https:\/\/floristeriaeltulipan.com\/en\/wp-json\/wp\/v2\/media?parent=50904"}],"wp:term":[{"taxonomy":"product_brand","embeddable":true,"href":"https:\/\/floristeriaeltulipan.com\/en\/wp-json\/wp\/v2\/product_brand?post=50904"},{"taxonomy":"product_cat","embeddable":true,"href":"https:\/\/floristeriaeltulipan.com\/en\/wp-json\/wp\/v2\/product_cat?post=50904"},{"taxonomy":"product_tag","embeddable":true,"href":"https:\/\/floristeriaeltulipan.com\/en\/wp-json\/wp\/v2\/product_tag?post=50904"}],"curies":[{"name":"wp","href":"https:\/\/api.w.org\/{rel}","templated":true}]}}