{"id":50868,"date":"2024-05-03T19:33:45","date_gmt":"2024-05-04T01:33:45","guid":{"rendered":"https:\/\/floristeriaeltulipan.com\/?post_type=product&#038;p=50868"},"modified":"2026-02-06T13:09:28","modified_gmt":"2026-02-06T19:09:28","slug":"bouquet-18-rosas","status":"publish","type":"product","link":"https:\/\/floristeriaeltulipan.com\/en\/tienda\/bouquet-18-rosas\/","title":{"rendered":"Bouquet of 18 Roses"},"content":{"rendered":"","protected":false},"excerpt":{"rendered":"<p>Ramo de 18 Rosas: Perfecto para sorprender y alegrar el d\u00eda a esa persona especial. Estas rosas frescas y hermosas son perfectas para cualquier ocasi\u00f3n, desde cumplea\u00f1os hasta aniversarios o simplemente porque s\u00ed.<\/p>","protected":false},"featured_media":50869,"template":"","meta":[],"product_brand":[],"product_cat":[515,577,522,551,520,516],"product_tag":[],"class_list":{"0":"post-50868","1":"product","2":"type-product","3":"status-publish","4":"has-post-thumbnail","6":"product_cat-amor","7":"product_cat-rosas-rojas","8":"product_cat-cumple-ella","9":"product_cat-dia-madres","10":"product_cat-ramos-de-flores","11":"product_cat-ramos-flores-cumpleanos","13":"first","14":"instock","15":"shipping-taxable","16":"purchasable","17":"product-type-simple"},"yoast_head":"<!-- This site is optimized with the Yoast SEO plugin v27.6 - https:\/\/yoast.com\/product\/yoast-seo-wordpress\/ -->\n<title>Regala Bouquet de 18 rosas en Nicaragua<\/title>\n<meta name=\"description\" content=\"Regala amor con un bouquet de 18 rosas en Nicaragua. En Floristeria El Tulipan, cada ramo es una obra de arte que encantar\u00e1 a quien lo reciba.\" \/>\n<meta name=\"robots\" content=\"index, follow, max-snippet:-1, max-image-preview:large, max-video-preview:-1\" \/>\n<link rel=\"canonical\" href=\"https:\/\/floristeriaeltulipan.com\/en\/store\/bouquet-18-rosas\/\" \/>\n<meta property=\"og:locale\" content=\"en_US\" \/>\n<meta property=\"og:type\" content=\"article\" \/>\n<meta property=\"og:title\" content=\"Regala Bouquet de 18 rosas en Nicaragua\" \/>\n<meta property=\"og:description\" content=\"Regala amor con un bouquet de 18 rosas en Nicaragua. En Floristeria El Tulipan, cada ramo es una obra de arte que encantar\u00e1 a quien lo reciba.\" \/>\n<meta property=\"og:url\" content=\"https:\/\/floristeriaeltulipan.com\/en\/store\/bouquet-18-rosas\/\" \/>\n<meta property=\"og:site_name\" content=\"Floristeria El Tulipan\" \/>\n<meta property=\"article:publisher\" content=\"https:\/\/www.facebook.com\/eltulipani\" \/>\n<meta property=\"article:modified_time\" content=\"2026-02-06T19:09:28+00:00\" \/>\n<meta property=\"og:image\" content=\"https:\/\/floristeriaeltulipan.com\/wp-content\/uploads\/2024\/05\/bouquet-18-rosas.webp\" \/>\n\t<meta property=\"og:image:width\" content=\"675\" \/>\n\t<meta property=\"og:image:height\" content=\"900\" \/>\n\t<meta property=\"og:image:type\" content=\"image\/webp\" \/>\n<meta name=\"twitter:card\" content=\"summary_large_image\" \/>\n<!-- \/ Yoast SEO plugin. -->","yoast_head_json":{"title":"Regala Bouquet de 18 rosas en Nicaragua","description":"Regala amor con un bouquet de 18 rosas en Nicaragua. En Floristeria El Tulipan, cada ramo es una obra de arte que encantar\u00e1 a quien lo reciba.","robots":{"index":"index","follow":"follow","max-snippet":"max-snippet:-1","max-image-preview":"max-image-preview:large","max-video-preview":"max-video-preview:-1"},"canonical":"https:\/\/floristeriaeltulipan.com\/en\/store\/bouquet-18-rosas\/","og_locale":"en_US","og_type":"article","og_title":"Regala Bouquet de 18 rosas en Nicaragua","og_description":"Regala amor con un bouquet de 18 rosas en Nicaragua. En Floristeria El Tulipan, cada ramo es una obra de arte que encantar\u00e1 a quien lo reciba.","og_url":"https:\/\/floristeriaeltulipan.com\/en\/store\/bouquet-18-rosas\/","og_site_name":"Floristeria El Tulipan","article_publisher":"https:\/\/www.facebook.com\/eltulipani","article_modified_time":"2026-02-06T19:09:28+00:00","og_image":[{"width":675,"height":900,"url":"https:\/\/floristeriaeltulipan.com\/wp-content\/uploads\/2024\/05\/bouquet-18-rosas.webp","type":"image\/webp"}],"twitter_card":"summary_large_image","schema":{"@context":"https:\/\/schema.org","@graph":[{"@type":"WebPage","@id":"https:\/\/floristeriaeltulipan.com\/tienda\/bouquet-18-rosas\/","url":"https:\/\/floristeriaeltulipan.com\/tienda\/bouquet-18-rosas\/","name":"Regala Bouquet de 18 rosas en Nicaragua","isPartOf":{"@id":"https:\/\/floristeriaeltulipan.com\/#website"},"primaryImageOfPage":{"@id":"https:\/\/floristeriaeltulipan.com\/tienda\/bouquet-18-rosas\/#primaryimage"},"image":{"@id":"https:\/\/floristeriaeltulipan.com\/tienda\/bouquet-18-rosas\/#primaryimage"},"thumbnailUrl":"https:\/\/floristeriaeltulipan.com\/wp-content\/uploads\/2024\/05\/bouquet-18-rosas.webp","datePublished":"2024-05-04T01:33:45+00:00","dateModified":"2026-02-06T19:09:28+00:00","description":"Regala amor con un bouquet de 18 rosas en Nicaragua. En Floristeria El Tulipan, cada ramo es una obra de arte que encantar\u00e1 a quien lo reciba.","breadcrumb":{"@id":"https:\/\/floristeriaeltulipan.com\/tienda\/bouquet-18-rosas\/#breadcrumb"},"inLanguage":"en-US","potentialAction":[{"@type":"ReadAction","target":["https:\/\/floristeriaeltulipan.com\/tienda\/bouquet-18-rosas\/"]}]},{"@type":"ImageObject","inLanguage":"en-US","@id":"https:\/\/floristeriaeltulipan.com\/tienda\/bouquet-18-rosas\/#primaryimage","url":"https:\/\/floristeriaeltulipan.com\/wp-content\/uploads\/2024\/05\/bouquet-18-rosas.webp","contentUrl":"https:\/\/floristeriaeltulipan.com\/wp-content\/uploads\/2024\/05\/bouquet-18-rosas.webp","width":675,"height":900,"caption":"18 roses flower arrangement"},{"@type":"BreadcrumbList","@id":"https:\/\/floristeriaeltulipan.com\/tienda\/bouquet-18-rosas\/#breadcrumb","itemListElement":[{"@type":"ListItem","position":1,"name":"Inicio","item":"https:\/\/floristeriaeltulipan.com\/"},{"@type":"ListItem","position":2,"name":"Cat\u00e1logo","item":"https:\/\/floristeriaeltulipan.com\/tienda\/"},{"@type":"ListItem","position":3,"name":"Bouquet de 18 Rosas"}]},{"@type":"WebSite","@id":"https:\/\/floristeriaeltulipan.com\/#website","url":"https:\/\/floristeriaeltulipan.com\/","name":"Floristeria El Tulipan","description":"Send flowers to Nicaragua with Floristeria El Tulipan","publisher":{"@id":"https:\/\/floristeriaeltulipan.com\/#organization"},"potentialAction":[{"@type":"SearchAction","target":{"@type":"EntryPoint","urlTemplate":"https:\/\/floristeriaeltulipan.com\/?s={search_term_string}"},"query-input":{"@type":"PropertyValueSpecification","valueRequired":true,"valueName":"search_term_string"}}],"inLanguage":"en-US"},{"@type":"Organization","@id":"https:\/\/floristeriaeltulipan.com\/#organization","name":"Floristeria El Tulipan","url":"https:\/\/floristeriaeltulipan.com\/","logo":{"@type":"ImageObject","inLanguage":"en-US","@id":"https:\/\/floristeriaeltulipan.com\/#\/schema\/logo\/image\/","url":"https:\/\/floristeriaeltulipan.com\/wp-content\/uploads\/2024\/05\/fact.webp","contentUrl":"https:\/\/floristeriaeltulipan.com\/wp-content\/uploads\/2024\/05\/fact.webp","width":500,"height":144,"caption":"Floristeria El Tulipan"},"image":{"@id":"https:\/\/floristeriaeltulipan.com\/#\/schema\/logo\/image\/"},"sameAs":["https:\/\/www.facebook.com\/eltulipani","https:\/\/www.instagram.com\/eltulipani\/","https:\/\/maps.app.goo.gl\/sReMfLKLG2G6pTk69"]}]}},"_links":{"self":[{"href":"https:\/\/floristeriaeltulipan.com\/en\/wp-json\/wp\/v2\/product\/50868","targetHints":{"allow":["GET"]}}],"collection":[{"href":"https:\/\/floristeriaeltulipan.com\/en\/wp-json\/wp\/v2\/product"}],"about":[{"href":"https:\/\/floristeriaeltulipan.com\/en\/wp-json\/wp\/v2\/types\/product"}],"wp:featuredmedia":[{"embeddable":true,"href":"https:\/\/floristeriaeltulipan.com\/en\/wp-json\/wp\/v2\/media\/50869"}],"wp:attachment":[{"href":"https:\/\/floristeriaeltulipan.com\/en\/wp-json\/wp\/v2\/media?parent=50868"}],"wp:term":[{"taxonomy":"product_brand","embeddable":true,"href":"https:\/\/floristeriaeltulipan.com\/en\/wp-json\/wp\/v2\/product_brand?post=50868"},{"taxonomy":"product_cat","embeddable":true,"href":"https:\/\/floristeriaeltulipan.com\/en\/wp-json\/wp\/v2\/product_cat?post=50868"},{"taxonomy":"product_tag","embeddable":true,"href":"https:\/\/floristeriaeltulipan.com\/en\/wp-json\/wp\/v2\/product_tag?post=50868"}],"curies":[{"name":"wp","href":"https:\/\/api.w.org\/{rel}","templated":true}]}}