{"id":35135,"date":"2019-04-25T16:03:07","date_gmt":"2019-04-25T22:03:07","guid":{"rendered":"https:\/\/floristeriaeltulipan.com\/?post_type=product&#038;p=35135"},"modified":"2026-01-14T00:32:23","modified_gmt":"2026-01-14T06:32:23","slug":"peluche-globo-nina","status":"publish","type":"product","link":"https:\/\/floristeriaeltulipan.com\/en\/tienda\/peluche-globo-nina\/","title":{"rendered":"Peluche y Globo para Ni\u00f1a"},"content":{"rendered":"","protected":false},"excerpt":{"rendered":"<p>Celebra esta ocasi\u00f3n de maternidad de una manera muy original. Este arreglo incluye un bonito peluche y globos alusivo a nacimiento de ni\u00f1a. Regalo ideal para personas alegres y divertidas de todas las edades.<\/p>","protected":false},"featured_media":35129,"template":"","meta":[],"product_brand":[],"product_cat":[518],"product_tag":[],"class_list":{"0":"post-35135","1":"product","2":"type-product","3":"status-publish","4":"has-post-thumbnail","6":"product_cat-maternidad","8":"first","9":"instock","10":"shipping-taxable","11":"purchasable","12":"product-type-simple"},"yoast_head":"<!-- This site is optimized with the Yoast SEO plugin v27.5 - https:\/\/yoast.com\/product\/yoast-seo-wordpress\/ -->\n<title>Peluche y Globo para Ni\u00f1a<\/title>\n<meta name=\"description\" content=\"Peluche con globos y arreglo de flores variadas para nacimiento de ni\u00f1a. Peluches y m\u00e1s regalos con flores a domicilio en Nicaragua.\" \/>\n<meta name=\"robots\" content=\"index, follow, max-snippet:-1, max-image-preview:large, max-video-preview:-1\" \/>\n<link rel=\"canonical\" href=\"https:\/\/floristeriaeltulipan.com\/en\/store\/peluche-globo-nina\/\" \/>\n<meta property=\"og:locale\" content=\"en_US\" \/>\n<meta property=\"og:type\" content=\"article\" \/>\n<meta property=\"og:title\" content=\"Peluche y Globo para Ni\u00f1a\" \/>\n<meta property=\"og:description\" content=\"Peluche con globos y arreglo de flores variadas para nacimiento de ni\u00f1a. Peluches y m\u00e1s regalos con flores a domicilio en Nicaragua.\" \/>\n<meta property=\"og:url\" content=\"https:\/\/floristeriaeltulipan.com\/en\/store\/peluche-globo-nina\/\" \/>\n<meta property=\"og:site_name\" content=\"Florister\u00eda El Tulip\u00e1n\" \/>\n<meta property=\"article:publisher\" content=\"https:\/\/www.facebook.com\/eltulipani\" \/>\n<meta property=\"article:modified_time\" content=\"2026-01-14T06:32:23+00:00\" \/>\n<meta property=\"og:image\" content=\"https:\/\/floristeriaeltulipan.com\/wp-content\/uploads\/2019\/04\/Maternidad.jpg\" \/>\n\t<meta property=\"og:image:width\" content=\"565\" \/>\n\t<meta property=\"og:image:height\" content=\"753\" \/>\n\t<meta property=\"og:image:type\" content=\"image\/jpeg\" \/>\n<meta name=\"twitter:card\" content=\"summary_large_image\" \/>\n<script type=\"application\/ld+json\" class=\"yoast-schema-graph\">{\"@context\":\"https:\\\/\\\/schema.org\",\"@graph\":[{\"@type\":\"WebPage\",\"@id\":\"https:\\\/\\\/floristeriaeltulipan.com\\\/tienda\\\/peluche-globo-nina\\\/\",\"url\":\"https:\\\/\\\/floristeriaeltulipan.com\\\/tienda\\\/peluche-globo-nina\\\/\",\"name\":\"Peluche y Globo para Ni\u00f1a\",\"isPartOf\":{\"@id\":\"https:\\\/\\\/floristeriaeltulipan.com\\\/#website\"},\"primaryImageOfPage\":{\"@id\":\"https:\\\/\\\/floristeriaeltulipan.com\\\/tienda\\\/peluche-globo-nina\\\/#primaryimage\"},\"image\":{\"@id\":\"https:\\\/\\\/floristeriaeltulipan.com\\\/tienda\\\/peluche-globo-nina\\\/#primaryimage\"},\"thumbnailUrl\":\"https:\\\/\\\/floristeriaeltulipan.com\\\/wp-content\\\/uploads\\\/2019\\\/04\\\/Maternidad.jpg\",\"datePublished\":\"2019-04-25T22:03:07+00:00\",\"dateModified\":\"2026-01-14T06:32:23+00:00\",\"description\":\"Peluche con globos y arreglo de flores variadas para nacimiento de ni\u00f1a. Peluches y m\u00e1s regalos con flores a domicilio en Nicaragua.\",\"breadcrumb\":{\"@id\":\"https:\\\/\\\/floristeriaeltulipan.com\\\/tienda\\\/peluche-globo-nina\\\/#breadcrumb\"},\"inLanguage\":\"en-US\",\"potentialAction\":[{\"@type\":\"ReadAction\",\"target\":[\"https:\\\/\\\/floristeriaeltulipan.com\\\/tienda\\\/peluche-globo-nina\\\/\"]}]},{\"@type\":\"ImageObject\",\"inLanguage\":\"en-US\",\"@id\":\"https:\\\/\\\/floristeriaeltulipan.com\\\/tienda\\\/peluche-globo-nina\\\/#primaryimage\",\"url\":\"https:\\\/\\\/floristeriaeltulipan.com\\\/wp-content\\\/uploads\\\/2019\\\/04\\\/Maternidad.jpg\",\"contentUrl\":\"https:\\\/\\\/floristeriaeltulipan.com\\\/wp-content\\\/uploads\\\/2019\\\/04\\\/Maternidad.jpg\",\"width\":565,\"height\":753,\"caption\":\"arreglo de flores para nacimiento\"},{\"@type\":\"BreadcrumbList\",\"@id\":\"https:\\\/\\\/floristeriaeltulipan.com\\\/tienda\\\/peluche-globo-nina\\\/#breadcrumb\",\"itemListElement\":[{\"@type\":\"ListItem\",\"position\":1,\"name\":\"Inicio\",\"item\":\"https:\\\/\\\/floristeriaeltulipan.com\\\/\"},{\"@type\":\"ListItem\",\"position\":2,\"name\":\"Cat\u00e1logo\",\"item\":\"https:\\\/\\\/floristeriaeltulipan.com\\\/tienda\\\/\"},{\"@type\":\"ListItem\",\"position\":3,\"name\":\"Peluche y Globo para Ni\u00f1a\"}]},{\"@type\":\"WebSite\",\"@id\":\"https:\\\/\\\/floristeriaeltulipan.com\\\/#website\",\"url\":\"https:\\\/\\\/floristeriaeltulipan.com\\\/\",\"name\":\"Floristeria El Tulipan\",\"description\":\"Envia flores a Nicaragua con Floristeria El Tulipan\",\"publisher\":{\"@id\":\"https:\\\/\\\/floristeriaeltulipan.com\\\/#organization\"},\"potentialAction\":[{\"@type\":\"SearchAction\",\"target\":{\"@type\":\"EntryPoint\",\"urlTemplate\":\"https:\\\/\\\/floristeriaeltulipan.com\\\/?s={search_term_string}\"},\"query-input\":{\"@type\":\"PropertyValueSpecification\",\"valueRequired\":true,\"valueName\":\"search_term_string\"}}],\"inLanguage\":\"en-US\"},{\"@type\":\"Organization\",\"@id\":\"https:\\\/\\\/floristeriaeltulipan.com\\\/#organization\",\"name\":\"Floristeria El Tulipan\",\"url\":\"https:\\\/\\\/floristeriaeltulipan.com\\\/\",\"logo\":{\"@type\":\"ImageObject\",\"inLanguage\":\"en-US\",\"@id\":\"https:\\\/\\\/floristeriaeltulipan.com\\\/#\\\/schema\\\/logo\\\/image\\\/\",\"url\":\"https:\\\/\\\/floristeriaeltulipan.com\\\/wp-content\\\/uploads\\\/2024\\\/05\\\/fact.webp\",\"contentUrl\":\"https:\\\/\\\/floristeriaeltulipan.com\\\/wp-content\\\/uploads\\\/2024\\\/05\\\/fact.webp\",\"width\":500,\"height\":144,\"caption\":\"Floristeria El Tulipan\"},\"image\":{\"@id\":\"https:\\\/\\\/floristeriaeltulipan.com\\\/#\\\/schema\\\/logo\\\/image\\\/\"},\"sameAs\":[\"https:\\\/\\\/www.facebook.com\\\/eltulipani\",\"https:\\\/\\\/www.instagram.com\\\/eltulipani\\\/\",\"https:\\\/\\\/g.page\\\/eltulipani\\\/\"]}]}<\/script>\n<!-- \/ Yoast SEO plugin. -->","yoast_head_json":{"title":"Peluche y Globo para Ni\u00f1a","description":"Peluche con globos y arreglo de flores variadas para nacimiento de ni\u00f1a. Peluches y m\u00e1s regalos con flores a domicilio en Nicaragua.","robots":{"index":"index","follow":"follow","max-snippet":"max-snippet:-1","max-image-preview":"max-image-preview:large","max-video-preview":"max-video-preview:-1"},"canonical":"https:\/\/floristeriaeltulipan.com\/en\/store\/peluche-globo-nina\/","og_locale":"en_US","og_type":"article","og_title":"Peluche y Globo para Ni\u00f1a","og_description":"Peluche con globos y arreglo de flores variadas para nacimiento de ni\u00f1a. Peluches y m\u00e1s regalos con flores a domicilio en Nicaragua.","og_url":"https:\/\/floristeriaeltulipan.com\/en\/store\/peluche-globo-nina\/","og_site_name":"Florister\u00eda El Tulip\u00e1n","article_publisher":"https:\/\/www.facebook.com\/eltulipani","article_modified_time":"2026-01-14T06:32:23+00:00","og_image":[{"width":565,"height":753,"url":"https:\/\/floristeriaeltulipan.com\/wp-content\/uploads\/2019\/04\/Maternidad.jpg","type":"image\/jpeg"}],"twitter_card":"summary_large_image","schema":{"@context":"https:\/\/schema.org","@graph":[{"@type":"WebPage","@id":"https:\/\/floristeriaeltulipan.com\/tienda\/peluche-globo-nina\/","url":"https:\/\/floristeriaeltulipan.com\/tienda\/peluche-globo-nina\/","name":"Peluche y Globo para Ni\u00f1a","isPartOf":{"@id":"https:\/\/floristeriaeltulipan.com\/#website"},"primaryImageOfPage":{"@id":"https:\/\/floristeriaeltulipan.com\/tienda\/peluche-globo-nina\/#primaryimage"},"image":{"@id":"https:\/\/floristeriaeltulipan.com\/tienda\/peluche-globo-nina\/#primaryimage"},"thumbnailUrl":"https:\/\/floristeriaeltulipan.com\/wp-content\/uploads\/2019\/04\/Maternidad.jpg","datePublished":"2019-04-25T22:03:07+00:00","dateModified":"2026-01-14T06:32:23+00:00","description":"Peluche con globos y arreglo de flores variadas para nacimiento de ni\u00f1a. Peluches y m\u00e1s regalos con flores a domicilio en Nicaragua.","breadcrumb":{"@id":"https:\/\/floristeriaeltulipan.com\/tienda\/peluche-globo-nina\/#breadcrumb"},"inLanguage":"en-US","potentialAction":[{"@type":"ReadAction","target":["https:\/\/floristeriaeltulipan.com\/tienda\/peluche-globo-nina\/"]}]},{"@type":"ImageObject","inLanguage":"en-US","@id":"https:\/\/floristeriaeltulipan.com\/tienda\/peluche-globo-nina\/#primaryimage","url":"https:\/\/floristeriaeltulipan.com\/wp-content\/uploads\/2019\/04\/Maternidad.jpg","contentUrl":"https:\/\/floristeriaeltulipan.com\/wp-content\/uploads\/2019\/04\/Maternidad.jpg","width":565,"height":753,"caption":"arreglo de flores para nacimiento"},{"@type":"BreadcrumbList","@id":"https:\/\/floristeriaeltulipan.com\/tienda\/peluche-globo-nina\/#breadcrumb","itemListElement":[{"@type":"ListItem","position":1,"name":"Inicio","item":"https:\/\/floristeriaeltulipan.com\/"},{"@type":"ListItem","position":2,"name":"Cat\u00e1logo","item":"https:\/\/floristeriaeltulipan.com\/tienda\/"},{"@type":"ListItem","position":3,"name":"Peluche y Globo para Ni\u00f1a"}]},{"@type":"WebSite","@id":"https:\/\/floristeriaeltulipan.com\/#website","url":"https:\/\/floristeriaeltulipan.com\/","name":"Floristeria El Tulipan","description":"Send flowers to Nicaragua with Florister\u00eda El Tulip\u00e1n","publisher":{"@id":"https:\/\/floristeriaeltulipan.com\/#organization"},"potentialAction":[{"@type":"SearchAction","target":{"@type":"EntryPoint","urlTemplate":"https:\/\/floristeriaeltulipan.com\/?s={search_term_string}"},"query-input":{"@type":"PropertyValueSpecification","valueRequired":true,"valueName":"search_term_string"}}],"inLanguage":"en-US"},{"@type":"Organization","@id":"https:\/\/floristeriaeltulipan.com\/#organization","name":"Floristeria El Tulipan","url":"https:\/\/floristeriaeltulipan.com\/","logo":{"@type":"ImageObject","inLanguage":"en-US","@id":"https:\/\/floristeriaeltulipan.com\/#\/schema\/logo\/image\/","url":"https:\/\/floristeriaeltulipan.com\/wp-content\/uploads\/2024\/05\/fact.webp","contentUrl":"https:\/\/floristeriaeltulipan.com\/wp-content\/uploads\/2024\/05\/fact.webp","width":500,"height":144,"caption":"Floristeria El Tulipan"},"image":{"@id":"https:\/\/floristeriaeltulipan.com\/#\/schema\/logo\/image\/"},"sameAs":["https:\/\/www.facebook.com\/eltulipani","https:\/\/www.instagram.com\/eltulipani\/","https:\/\/g.page\/eltulipani\/"]}]}},"_links":{"self":[{"href":"https:\/\/floristeriaeltulipan.com\/en\/wp-json\/wp\/v2\/product\/35135","targetHints":{"allow":["GET"]}}],"collection":[{"href":"https:\/\/floristeriaeltulipan.com\/en\/wp-json\/wp\/v2\/product"}],"about":[{"href":"https:\/\/floristeriaeltulipan.com\/en\/wp-json\/wp\/v2\/types\/product"}],"wp:featuredmedia":[{"embeddable":true,"href":"https:\/\/floristeriaeltulipan.com\/en\/wp-json\/wp\/v2\/media\/35129"}],"wp:attachment":[{"href":"https:\/\/floristeriaeltulipan.com\/en\/wp-json\/wp\/v2\/media?parent=35135"}],"wp:term":[{"taxonomy":"product_brand","embeddable":true,"href":"https:\/\/floristeriaeltulipan.com\/en\/wp-json\/wp\/v2\/product_brand?post=35135"},{"taxonomy":"product_cat","embeddable":true,"href":"https:\/\/floristeriaeltulipan.com\/en\/wp-json\/wp\/v2\/product_cat?post=35135"},{"taxonomy":"product_tag","embeddable":true,"href":"https:\/\/floristeriaeltulipan.com\/en\/wp-json\/wp\/v2\/product_tag?post=35135"}],"curies":[{"name":"wp","href":"https:\/\/api.w.org\/{rel}","templated":true}]}}