{"id":33529,"date":"2016-05-17T12:11:38","date_gmt":"2016-05-17T18:11:38","guid":{"rendered":"http:\/\/floristeriaeltulipan.com\/?post_type=product&#038;p=33529"},"modified":"2026-02-14T07:32:29","modified_gmt":"2026-02-14T13:32:29","slug":"arreglo-18-rosas-rosadas","status":"publish","type":"product","link":"https:\/\/floristeriaeltulipan.com\/en\/tienda\/arreglo-18-rosas-rosadas\/","title":{"rendered":"Arreglo de 18 Rosas Rosadas en Jarr\u00f3n de Vidrio"},"content":{"rendered":"","protected":false},"excerpt":{"rendered":"<p>Un detalle lleno de dulzura y encanto. Este hermoso arreglo de rosas rosadas es ideal para transmitir admiraci\u00f3n, simpat\u00eda y cari\u00f1o sincero.<\/p>\n<ul>\n<li><strong>Flowers<\/strong>: Abundantes rosas en tono rosa vibrante, acompa\u00f1adas de delicada Gips\u00f3fila (velo de novia) que aporta luminosidad.<\/li>\n<li><strong>Presentaci\u00f3n<\/strong>: Exclusivo jarron de vidrio en tono p\u00farpura transl\u00facido, decorado con un lazo de sat\u00edn a juego ( Tipo de jarr\u00f3n se enviar\u00e1 seg\u00fan disponibilidad, conservando los tonos descritos).<\/li>\n<li><strong>Significado<\/strong>: El color rosa simboliza gratitud, gracia y felicidad, haci\u00e9ndolo un regalo mucho m\u00e1s vers\u00e1til que las rosas rojas.<\/li>\n<li><strong>Occasion<\/strong>: La opci\u00f3n #1 para Quincea\u00f1os, cumplea\u00f1os de amigas, nacimiento de una ni\u00f1a o D\u00eda de la Madre.<\/li>\n<\/ul>","protected":false},"featured_media":52471,"template":"","meta":[],"product_brand":[],"product_cat":[515,522,551,516],"product_tag":[],"class_list":{"0":"post-33529","1":"product","2":"type-product","3":"status-publish","4":"has-post-thumbnail","6":"product_cat-amor","7":"product_cat-cumple-ella","8":"product_cat-dia-madres","9":"product_cat-ramos-flores-cumpleanos","11":"first","12":"instock","13":"shipping-taxable","14":"purchasable","15":"product-type-simple"},"yoast_head":"<!-- This site is optimized with the Yoast SEO plugin v27.6 - https:\/\/yoast.com\/product\/yoast-seo-wordpress\/ -->\n<title>Arreglo de Rosas Rosadas en Jarr\u00f3n de Vidrio<\/title>\n<meta name=\"description\" content=\"Hermoso arreglo de rosas rosadas en jarr\u00f3n de vidrio. El regalo m\u00e1s dulce para 15 a\u00f1os y cumplea\u00f1os en Managua. \u00a1Env\u00edo a domicilio hoy!\" \/>\n<meta name=\"robots\" content=\"index, follow, max-snippet:-1, max-image-preview:large, max-video-preview:-1\" \/>\n<link rel=\"canonical\" href=\"https:\/\/floristeriaeltulipan.com\/en\/store\/arreglo-18-rosas-rosadas\/\" \/>\n<meta property=\"og:locale\" content=\"en_US\" \/>\n<meta property=\"og:type\" content=\"article\" \/>\n<meta property=\"og:title\" content=\"Arreglo de Rosas Rosadas en Jarr\u00f3n de Vidrio\" \/>\n<meta property=\"og:description\" content=\"Hermoso arreglo de rosas rosadas en jarr\u00f3n de vidrio. El regalo m\u00e1s dulce para 15 a\u00f1os y cumplea\u00f1os en Managua. \u00a1Env\u00edo a domicilio hoy!\" \/>\n<meta property=\"og:url\" content=\"https:\/\/floristeriaeltulipan.com\/en\/store\/arreglo-18-rosas-rosadas\/\" \/>\n<meta property=\"og:site_name\" content=\"Floristeria El Tulipan\" \/>\n<meta property=\"article:publisher\" content=\"https:\/\/www.facebook.com\/eltulipani\" \/>\n<meta property=\"article:modified_time\" content=\"2026-02-14T13:32:29+00:00\" \/>\n<meta property=\"og:image\" content=\"https:\/\/floristeriaeltulipan.com\/wp-content\/uploads\/2016\/05\/arreglo-18-rosas-rosadas.jpg\" \/>\n\t<meta property=\"og:image:width\" content=\"1000\" \/>\n\t<meta property=\"og:image:height\" content=\"1000\" \/>\n\t<meta property=\"og:image:type\" content=\"image\/jpeg\" \/>\n<meta name=\"twitter:card\" content=\"summary_large_image\" \/>\n<!-- \/ Yoast SEO plugin. -->","yoast_head_json":{"title":"Arreglo de Rosas Rosadas en Jarr\u00f3n de Vidrio","description":"Hermoso arreglo de rosas rosadas en jarr\u00f3n de vidrio. El regalo m\u00e1s dulce para 15 a\u00f1os y cumplea\u00f1os en Managua. \u00a1Env\u00edo a domicilio hoy!","robots":{"index":"index","follow":"follow","max-snippet":"max-snippet:-1","max-image-preview":"max-image-preview:large","max-video-preview":"max-video-preview:-1"},"canonical":"https:\/\/floristeriaeltulipan.com\/en\/store\/arreglo-18-rosas-rosadas\/","og_locale":"en_US","og_type":"article","og_title":"Arreglo de Rosas Rosadas en Jarr\u00f3n de Vidrio","og_description":"Hermoso arreglo de rosas rosadas en jarr\u00f3n de vidrio. El regalo m\u00e1s dulce para 15 a\u00f1os y cumplea\u00f1os en Managua. \u00a1Env\u00edo a domicilio hoy!","og_url":"https:\/\/floristeriaeltulipan.com\/en\/store\/arreglo-18-rosas-rosadas\/","og_site_name":"Floristeria El Tulipan","article_publisher":"https:\/\/www.facebook.com\/eltulipani","article_modified_time":"2026-02-14T13:32:29+00:00","og_image":[{"width":1000,"height":1000,"url":"https:\/\/floristeriaeltulipan.com\/wp-content\/uploads\/2016\/05\/arreglo-18-rosas-rosadas.jpg","type":"image\/jpeg"}],"twitter_card":"summary_large_image","schema":{"@context":"https:\/\/schema.org","@graph":[{"@type":"WebPage","@id":"https:\/\/floristeriaeltulipan.com\/tienda\/arreglo-18-rosas-rosadas\/","url":"https:\/\/floristeriaeltulipan.com\/tienda\/arreglo-18-rosas-rosadas\/","name":"Arreglo de Rosas Rosadas en Jarr\u00f3n de Vidrio","isPartOf":{"@id":"https:\/\/floristeriaeltulipan.com\/#website"},"primaryImageOfPage":{"@id":"https:\/\/floristeriaeltulipan.com\/tienda\/arreglo-18-rosas-rosadas\/#primaryimage"},"image":{"@id":"https:\/\/floristeriaeltulipan.com\/tienda\/arreglo-18-rosas-rosadas\/#primaryimage"},"thumbnailUrl":"https:\/\/floristeriaeltulipan.com\/wp-content\/uploads\/2016\/05\/arreglo-18-rosas-rosadas.jpg","datePublished":"2016-05-17T18:11:38+00:00","dateModified":"2026-02-14T13:32:29+00:00","description":"Hermoso arreglo de rosas rosadas en jarr\u00f3n de vidrio. El regalo m\u00e1s dulce para 15 a\u00f1os y cumplea\u00f1os en Managua. \u00a1Env\u00edo a domicilio hoy!","breadcrumb":{"@id":"https:\/\/floristeriaeltulipan.com\/tienda\/arreglo-18-rosas-rosadas\/#breadcrumb"},"inLanguage":"en-US","potentialAction":[{"@type":"ReadAction","target":["https:\/\/floristeriaeltulipan.com\/tienda\/arreglo-18-rosas-rosadas\/"]}]},{"@type":"ImageObject","inLanguage":"en-US","@id":"https:\/\/floristeriaeltulipan.com\/tienda\/arreglo-18-rosas-rosadas\/#primaryimage","url":"https:\/\/floristeriaeltulipan.com\/wp-content\/uploads\/2016\/05\/arreglo-18-rosas-rosadas.jpg","contentUrl":"https:\/\/floristeriaeltulipan.com\/wp-content\/uploads\/2016\/05\/arreglo-18-rosas-rosadas.jpg","width":1000,"height":1000,"caption":"arreglo de rosas rosadasa"},{"@type":"BreadcrumbList","@id":"https:\/\/floristeriaeltulipan.com\/tienda\/arreglo-18-rosas-rosadas\/#breadcrumb","itemListElement":[{"@type":"ListItem","position":1,"name":"Inicio","item":"https:\/\/floristeriaeltulipan.com\/"},{"@type":"ListItem","position":2,"name":"Cat\u00e1logo","item":"https:\/\/floristeriaeltulipan.com\/tienda\/"},{"@type":"ListItem","position":3,"name":"Arreglo de 18 Rosas Rosadas en Jarr\u00f3n de Vidrio"}]},{"@type":"WebSite","@id":"https:\/\/floristeriaeltulipan.com\/#website","url":"https:\/\/floristeriaeltulipan.com\/","name":"Floristeria El Tulipan","description":"Send flowers to Nicaragua with Floristeria El Tulipan","publisher":{"@id":"https:\/\/floristeriaeltulipan.com\/#organization"},"potentialAction":[{"@type":"SearchAction","target":{"@type":"EntryPoint","urlTemplate":"https:\/\/floristeriaeltulipan.com\/?s={search_term_string}"},"query-input":{"@type":"PropertyValueSpecification","valueRequired":true,"valueName":"search_term_string"}}],"inLanguage":"en-US"},{"@type":"Organization","@id":"https:\/\/floristeriaeltulipan.com\/#organization","name":"Floristeria El Tulipan","url":"https:\/\/floristeriaeltulipan.com\/","logo":{"@type":"ImageObject","inLanguage":"en-US","@id":"https:\/\/floristeriaeltulipan.com\/#\/schema\/logo\/image\/","url":"https:\/\/floristeriaeltulipan.com\/wp-content\/uploads\/2024\/05\/fact.webp","contentUrl":"https:\/\/floristeriaeltulipan.com\/wp-content\/uploads\/2024\/05\/fact.webp","width":500,"height":144,"caption":"Floristeria El Tulipan"},"image":{"@id":"https:\/\/floristeriaeltulipan.com\/#\/schema\/logo\/image\/"},"sameAs":["https:\/\/www.facebook.com\/eltulipani","https:\/\/www.instagram.com\/eltulipani\/","https:\/\/maps.app.goo.gl\/sReMfLKLG2G6pTk69"]}]}},"_links":{"self":[{"href":"https:\/\/floristeriaeltulipan.com\/en\/wp-json\/wp\/v2\/product\/33529","targetHints":{"allow":["GET"]}}],"collection":[{"href":"https:\/\/floristeriaeltulipan.com\/en\/wp-json\/wp\/v2\/product"}],"about":[{"href":"https:\/\/floristeriaeltulipan.com\/en\/wp-json\/wp\/v2\/types\/product"}],"wp:featuredmedia":[{"embeddable":true,"href":"https:\/\/floristeriaeltulipan.com\/en\/wp-json\/wp\/v2\/media\/52471"}],"wp:attachment":[{"href":"https:\/\/floristeriaeltulipan.com\/en\/wp-json\/wp\/v2\/media?parent=33529"}],"wp:term":[{"taxonomy":"product_brand","embeddable":true,"href":"https:\/\/floristeriaeltulipan.com\/en\/wp-json\/wp\/v2\/product_brand?post=33529"},{"taxonomy":"product_cat","embeddable":true,"href":"https:\/\/floristeriaeltulipan.com\/en\/wp-json\/wp\/v2\/product_cat?post=33529"},{"taxonomy":"product_tag","embeddable":true,"href":"https:\/\/floristeriaeltulipan.com\/en\/wp-json\/wp\/v2\/product_tag?post=33529"}],"curies":[{"name":"wp","href":"https:\/\/api.w.org\/{rel}","templated":true}]}}