{"id":33369,"date":"2015-10-06T21:29:57","date_gmt":"2015-10-07T03:29:57","guid":{"rendered":"http:\/\/tulipan.perroperro.com\/?post_type=product&#038;p=33369"},"modified":"2026-01-14T00:32:23","modified_gmt":"2026-01-14T06:32:23","slug":"corona-rosas-rojas-y-margaritas","status":"publish","type":"product","link":"https:\/\/floristeriaeltulipan.com\/en\/tienda\/corona-rosas-rojas-y-margaritas\/","title":{"rendered":"Corona de Rosas Rojas y Margaritas"},"content":{"rendered":"","protected":false},"excerpt":{"rendered":"<p>Env\u00eda tus condolencias con esta hermosa corona de rosas rojas y margaritas. La mejor forma de demostrar tu cari\u00f1o y apoyo.<\/p>","protected":false},"featured_media":49606,"template":"","meta":{"inline_featured_image":false},"product_brand":[],"product_cat":[517,596],"product_tag":[595],"class_list":{"0":"post-33369","1":"product","2":"type-product","3":"status-publish","4":"has-post-thumbnail","6":"product_cat-condolencias","7":"product_cat-coronas","8":"product_tag-coronas","10":"first","11":"instock","12":"shipping-taxable","13":"purchasable","14":"product-type-simple"},"yoast_head":"<!-- This site is optimized with the Yoast SEO plugin v27.4 - https:\/\/yoast.com\/product\/yoast-seo-wordpress\/ -->\n<title>Corona de Rosas Rojas y Margaritas<\/title>\n<meta name=\"description\" content=\"arreglo floral natural que une rosas rojas y margaritas para regalar emoci\u00f3n y color. Env\u00edos en Managua con El Tulip\u00e1n\" \/>\n<meta name=\"robots\" content=\"index, follow, max-snippet:-1, max-image-preview:large, max-video-preview:-1\" \/>\n<link rel=\"canonical\" href=\"https:\/\/floristeriaeltulipan.com\/en\/store\/corona-rosas-rojas-y-margaritas\/\" \/>\n<meta property=\"og:locale\" content=\"en_US\" \/>\n<meta property=\"og:type\" content=\"article\" \/>\n<meta property=\"og:title\" content=\"Corona de Rosas Rojas y Margaritas\" \/>\n<meta property=\"og:description\" content=\"arreglo floral natural que une rosas rojas y margaritas para regalar emoci\u00f3n y color. Env\u00edos en Managua con El Tulip\u00e1n\" \/>\n<meta property=\"og:url\" content=\"https:\/\/floristeriaeltulipan.com\/en\/store\/corona-rosas-rojas-y-margaritas\/\" \/>\n<meta property=\"og:site_name\" content=\"Florister\u00eda El Tulip\u00e1n\" \/>\n<meta property=\"article:publisher\" content=\"https:\/\/www.facebook.com\/eltulipani\" \/>\n<meta property=\"article:modified_time\" content=\"2026-01-14T06:32:23+00:00\" \/>\n<meta property=\"og:image\" content=\"https:\/\/floristeriaeltulipan.com\/wp-content\/uploads\/2015\/10\/corona-rosas-rojas.webp\" \/>\n\t<meta property=\"og:image:width\" content=\"800\" \/>\n\t<meta property=\"og:image:height\" content=\"800\" \/>\n\t<meta property=\"og:image:type\" content=\"image\/webp\" \/>\n<meta name=\"twitter:card\" content=\"summary_large_image\" \/>\n<script type=\"application\/ld+json\" class=\"yoast-schema-graph\">{\"@context\":\"https:\\\/\\\/schema.org\",\"@graph\":[{\"@type\":\"WebPage\",\"@id\":\"https:\\\/\\\/floristeriaeltulipan.com\\\/tienda\\\/corona-rosas-rojas-y-margaritas\\\/\",\"url\":\"https:\\\/\\\/floristeriaeltulipan.com\\\/tienda\\\/corona-rosas-rojas-y-margaritas\\\/\",\"name\":\"Corona de Rosas Rojas y Margaritas\",\"isPartOf\":{\"@id\":\"https:\\\/\\\/floristeriaeltulipan.com\\\/#website\"},\"primaryImageOfPage\":{\"@id\":\"https:\\\/\\\/floristeriaeltulipan.com\\\/tienda\\\/corona-rosas-rojas-y-margaritas\\\/#primaryimage\"},\"image\":{\"@id\":\"https:\\\/\\\/floristeriaeltulipan.com\\\/tienda\\\/corona-rosas-rojas-y-margaritas\\\/#primaryimage\"},\"thumbnailUrl\":\"https:\\\/\\\/floristeriaeltulipan.com\\\/wp-content\\\/uploads\\\/2015\\\/10\\\/corona-rosas-rojas.webp\",\"datePublished\":\"2015-10-07T03:29:57+00:00\",\"dateModified\":\"2026-01-14T06:32:23+00:00\",\"description\":\"arreglo floral natural que une rosas rojas y margaritas para regalar emoci\u00f3n y color. Env\u00edos en Managua con El Tulip\u00e1n\",\"breadcrumb\":{\"@id\":\"https:\\\/\\\/floristeriaeltulipan.com\\\/tienda\\\/corona-rosas-rojas-y-margaritas\\\/#breadcrumb\"},\"inLanguage\":\"en-US\",\"potentialAction\":[{\"@type\":\"ReadAction\",\"target\":[\"https:\\\/\\\/floristeriaeltulipan.com\\\/tienda\\\/corona-rosas-rojas-y-margaritas\\\/\"]}]},{\"@type\":\"ImageObject\",\"inLanguage\":\"en-US\",\"@id\":\"https:\\\/\\\/floristeriaeltulipan.com\\\/tienda\\\/corona-rosas-rojas-y-margaritas\\\/#primaryimage\",\"url\":\"https:\\\/\\\/floristeriaeltulipan.com\\\/wp-content\\\/uploads\\\/2015\\\/10\\\/corona-rosas-rojas.webp\",\"contentUrl\":\"https:\\\/\\\/floristeriaeltulipan.com\\\/wp-content\\\/uploads\\\/2015\\\/10\\\/corona-rosas-rojas.webp\",\"width\":800,\"height\":800},{\"@type\":\"BreadcrumbList\",\"@id\":\"https:\\\/\\\/floristeriaeltulipan.com\\\/tienda\\\/corona-rosas-rojas-y-margaritas\\\/#breadcrumb\",\"itemListElement\":[{\"@type\":\"ListItem\",\"position\":1,\"name\":\"Inicio\",\"item\":\"https:\\\/\\\/floristeriaeltulipan.com\\\/\"},{\"@type\":\"ListItem\",\"position\":2,\"name\":\"Cat\u00e1logo\",\"item\":\"https:\\\/\\\/floristeriaeltulipan.com\\\/tienda\\\/\"},{\"@type\":\"ListItem\",\"position\":3,\"name\":\"Corona de Rosas Rojas y Margaritas\"}]},{\"@type\":\"WebSite\",\"@id\":\"https:\\\/\\\/floristeriaeltulipan.com\\\/#website\",\"url\":\"https:\\\/\\\/floristeriaeltulipan.com\\\/\",\"name\":\"Floristeria El Tulipan\",\"description\":\"Envia flores a Nicaragua con Floristeria El Tulipan\",\"publisher\":{\"@id\":\"https:\\\/\\\/floristeriaeltulipan.com\\\/#organization\"},\"potentialAction\":[{\"@type\":\"SearchAction\",\"target\":{\"@type\":\"EntryPoint\",\"urlTemplate\":\"https:\\\/\\\/floristeriaeltulipan.com\\\/?s={search_term_string}\"},\"query-input\":{\"@type\":\"PropertyValueSpecification\",\"valueRequired\":true,\"valueName\":\"search_term_string\"}}],\"inLanguage\":\"en-US\"},{\"@type\":\"Organization\",\"@id\":\"https:\\\/\\\/floristeriaeltulipan.com\\\/#organization\",\"name\":\"Floristeria El Tulipan\",\"url\":\"https:\\\/\\\/floristeriaeltulipan.com\\\/\",\"logo\":{\"@type\":\"ImageObject\",\"inLanguage\":\"en-US\",\"@id\":\"https:\\\/\\\/floristeriaeltulipan.com\\\/#\\\/schema\\\/logo\\\/image\\\/\",\"url\":\"https:\\\/\\\/floristeriaeltulipan.com\\\/wp-content\\\/uploads\\\/2024\\\/05\\\/fact.webp\",\"contentUrl\":\"https:\\\/\\\/floristeriaeltulipan.com\\\/wp-content\\\/uploads\\\/2024\\\/05\\\/fact.webp\",\"width\":500,\"height\":144,\"caption\":\"Floristeria El Tulipan\"},\"image\":{\"@id\":\"https:\\\/\\\/floristeriaeltulipan.com\\\/#\\\/schema\\\/logo\\\/image\\\/\"},\"sameAs\":[\"https:\\\/\\\/www.facebook.com\\\/eltulipani\",\"https:\\\/\\\/www.instagram.com\\\/eltulipani\\\/\",\"https:\\\/\\\/g.page\\\/eltulipani\\\/\"]}]}<\/script>\n<!-- \/ Yoast SEO plugin. -->","yoast_head_json":{"title":"Corona de Rosas Rojas y Margaritas","description":"arreglo floral natural que une rosas rojas y margaritas para regalar emoci\u00f3n y color. Env\u00edos en Managua con El Tulip\u00e1n","robots":{"index":"index","follow":"follow","max-snippet":"max-snippet:-1","max-image-preview":"max-image-preview:large","max-video-preview":"max-video-preview:-1"},"canonical":"https:\/\/floristeriaeltulipan.com\/en\/store\/corona-rosas-rojas-y-margaritas\/","og_locale":"en_US","og_type":"article","og_title":"Corona de Rosas Rojas y Margaritas","og_description":"arreglo floral natural que une rosas rojas y margaritas para regalar emoci\u00f3n y color. Env\u00edos en Managua con El Tulip\u00e1n","og_url":"https:\/\/floristeriaeltulipan.com\/en\/store\/corona-rosas-rojas-y-margaritas\/","og_site_name":"Florister\u00eda El Tulip\u00e1n","article_publisher":"https:\/\/www.facebook.com\/eltulipani","article_modified_time":"2026-01-14T06:32:23+00:00","og_image":[{"width":800,"height":800,"url":"https:\/\/floristeriaeltulipan.com\/wp-content\/uploads\/2015\/10\/corona-rosas-rojas.webp","type":"image\/webp"}],"twitter_card":"summary_large_image","schema":{"@context":"https:\/\/schema.org","@graph":[{"@type":"WebPage","@id":"https:\/\/floristeriaeltulipan.com\/tienda\/corona-rosas-rojas-y-margaritas\/","url":"https:\/\/floristeriaeltulipan.com\/tienda\/corona-rosas-rojas-y-margaritas\/","name":"Corona de Rosas Rojas y Margaritas","isPartOf":{"@id":"https:\/\/floristeriaeltulipan.com\/#website"},"primaryImageOfPage":{"@id":"https:\/\/floristeriaeltulipan.com\/tienda\/corona-rosas-rojas-y-margaritas\/#primaryimage"},"image":{"@id":"https:\/\/floristeriaeltulipan.com\/tienda\/corona-rosas-rojas-y-margaritas\/#primaryimage"},"thumbnailUrl":"https:\/\/floristeriaeltulipan.com\/wp-content\/uploads\/2015\/10\/corona-rosas-rojas.webp","datePublished":"2015-10-07T03:29:57+00:00","dateModified":"2026-01-14T06:32:23+00:00","description":"arreglo floral natural que une rosas rojas y margaritas para regalar emoci\u00f3n y color. Env\u00edos en Managua con El Tulip\u00e1n","breadcrumb":{"@id":"https:\/\/floristeriaeltulipan.com\/tienda\/corona-rosas-rojas-y-margaritas\/#breadcrumb"},"inLanguage":"en-US","potentialAction":[{"@type":"ReadAction","target":["https:\/\/floristeriaeltulipan.com\/tienda\/corona-rosas-rojas-y-margaritas\/"]}]},{"@type":"ImageObject","inLanguage":"en-US","@id":"https:\/\/floristeriaeltulipan.com\/tienda\/corona-rosas-rojas-y-margaritas\/#primaryimage","url":"https:\/\/floristeriaeltulipan.com\/wp-content\/uploads\/2015\/10\/corona-rosas-rojas.webp","contentUrl":"https:\/\/floristeriaeltulipan.com\/wp-content\/uploads\/2015\/10\/corona-rosas-rojas.webp","width":800,"height":800},{"@type":"BreadcrumbList","@id":"https:\/\/floristeriaeltulipan.com\/tienda\/corona-rosas-rojas-y-margaritas\/#breadcrumb","itemListElement":[{"@type":"ListItem","position":1,"name":"Inicio","item":"https:\/\/floristeriaeltulipan.com\/"},{"@type":"ListItem","position":2,"name":"Cat\u00e1logo","item":"https:\/\/floristeriaeltulipan.com\/tienda\/"},{"@type":"ListItem","position":3,"name":"Corona de Rosas Rojas y Margaritas"}]},{"@type":"WebSite","@id":"https:\/\/floristeriaeltulipan.com\/#website","url":"https:\/\/floristeriaeltulipan.com\/","name":"Floristeria El Tulipan","description":"Send flowers to Nicaragua with Florister\u00eda El Tulip\u00e1n","publisher":{"@id":"https:\/\/floristeriaeltulipan.com\/#organization"},"potentialAction":[{"@type":"SearchAction","target":{"@type":"EntryPoint","urlTemplate":"https:\/\/floristeriaeltulipan.com\/?s={search_term_string}"},"query-input":{"@type":"PropertyValueSpecification","valueRequired":true,"valueName":"search_term_string"}}],"inLanguage":"en-US"},{"@type":"Organization","@id":"https:\/\/floristeriaeltulipan.com\/#organization","name":"Floristeria El Tulipan","url":"https:\/\/floristeriaeltulipan.com\/","logo":{"@type":"ImageObject","inLanguage":"en-US","@id":"https:\/\/floristeriaeltulipan.com\/#\/schema\/logo\/image\/","url":"https:\/\/floristeriaeltulipan.com\/wp-content\/uploads\/2024\/05\/fact.webp","contentUrl":"https:\/\/floristeriaeltulipan.com\/wp-content\/uploads\/2024\/05\/fact.webp","width":500,"height":144,"caption":"Floristeria El Tulipan"},"image":{"@id":"https:\/\/floristeriaeltulipan.com\/#\/schema\/logo\/image\/"},"sameAs":["https:\/\/www.facebook.com\/eltulipani","https:\/\/www.instagram.com\/eltulipani\/","https:\/\/g.page\/eltulipani\/"]}]}},"_links":{"self":[{"href":"https:\/\/floristeriaeltulipan.com\/en\/wp-json\/wp\/v2\/product\/33369","targetHints":{"allow":["GET"]}}],"collection":[{"href":"https:\/\/floristeriaeltulipan.com\/en\/wp-json\/wp\/v2\/product"}],"about":[{"href":"https:\/\/floristeriaeltulipan.com\/en\/wp-json\/wp\/v2\/types\/product"}],"wp:featuredmedia":[{"embeddable":true,"href":"https:\/\/floristeriaeltulipan.com\/en\/wp-json\/wp\/v2\/media\/49606"}],"wp:attachment":[{"href":"https:\/\/floristeriaeltulipan.com\/en\/wp-json\/wp\/v2\/media?parent=33369"}],"wp:term":[{"taxonomy":"product_brand","embeddable":true,"href":"https:\/\/floristeriaeltulipan.com\/en\/wp-json\/wp\/v2\/product_brand?post=33369"},{"taxonomy":"product_cat","embeddable":true,"href":"https:\/\/floristeriaeltulipan.com\/en\/wp-json\/wp\/v2\/product_cat?post=33369"},{"taxonomy":"product_tag","embeddable":true,"href":"https:\/\/floristeriaeltulipan.com\/en\/wp-json\/wp\/v2\/product_tag?post=33369"}],"curies":[{"name":"wp","href":"https:\/\/api.w.org\/{rel}","templated":true}]}}