{"id":33318,"date":"2024-05-02T20:12:28","date_gmt":"2024-05-03T02:12:28","guid":{"rendered":"http:\/\/tulipan.perroperro.com\/?post_type=product&#038;p=33318"},"modified":"2026-02-06T13:31:28","modified_gmt":"2026-02-06T19:31:28","slug":"arreglo-rosas-colores","status":"publish","type":"product","link":"https:\/\/floristeriaeltulipan.com\/en\/store\/arreglo-rosas-colores\/","title":{"rendered":"Mixed Rose Gift Basket"},"content":{"rendered":"","protected":false},"excerpt":{"rendered":"<p>Nunca te vas a equivocar con este detalle cl\u00e1sico. Hermosas rosas frescas preparadas a mano para expresar su cari\u00f1o sincero. La forma ideal de hacerse presente y alegrar el d\u00eda a esa persona especial en Managua.<\/p>","protected":false},"featured_media":52582,"template":"","meta":{"inline_featured_image":false},"product_brand":[],"product_cat":[516,522,524,551],"product_tag":[],"class_list":{"0":"post-33318","1":"product","2":"type-product","3":"status-publish","4":"has-post-thumbnail","6":"product_cat-cumple","7":"product_cat-cumple-ella","8":"product_cat-cumple-mama","9":"product_cat-dia-madres","11":"first","12":"instock","13":"featured","14":"shipping-taxable","15":"purchasable","16":"product-type-simple"},"yoast_head":"<!-- This site is optimized with the Yoast SEO plugin v27.3 - https:\/\/yoast.com\/product\/yoast-seo-wordpress\/ -->\n<title>Canasta de Rosas Mixtas<\/title>\n<meta name=\"description\" content=\"Arreglo floral de rosas de colores variados en canasta. Regalo alegre y vibrante para cumplea\u00f1os en Managua. \u00a1Compra flores frescas online!\" \/>\n<meta name=\"robots\" content=\"index, follow, max-snippet:-1, max-image-preview:large, max-video-preview:-1\" \/>\n<link rel=\"canonical\" href=\"https:\/\/floristeriaeltulipan.com\/en\/store\/arreglo-rosas-colores\/\" \/>\n<meta property=\"og:locale\" content=\"en_US\" \/>\n<meta property=\"og:type\" content=\"article\" \/>\n<meta property=\"og:title\" content=\"Canasta de Rosas Mixtas\" \/>\n<meta property=\"og:description\" content=\"Arreglo floral de rosas de colores variados en canasta. Regalo alegre y vibrante para cumplea\u00f1os en Managua. \u00a1Compra flores frescas online!\" \/>\n<meta property=\"og:url\" content=\"https:\/\/floristeriaeltulipan.com\/en\/store\/arreglo-rosas-colores\/\" \/>\n<meta property=\"og:site_name\" content=\"Florister\u00eda El Tulip\u00e1n\" \/>\n<meta property=\"article:publisher\" content=\"https:\/\/www.facebook.com\/eltulipani\" \/>\n<meta property=\"article:modified_time\" content=\"2026-02-06T19:31:28+00:00\" \/>\n<meta property=\"og:image\" content=\"https:\/\/floristeriaeltulipan.com\/wp-content\/uploads\/2024\/05\/canasta-rosas-mixtas.jpg\" \/>\n\t<meta property=\"og:image:width\" content=\"1000\" \/>\n\t<meta property=\"og:image:height\" content=\"1000\" \/>\n\t<meta property=\"og:image:type\" content=\"image\/jpeg\" \/>\n<meta name=\"twitter:card\" content=\"summary_large_image\" \/>\n<meta name=\"twitter:label1\" content=\"Est. reading time\" \/>\n\t<meta name=\"twitter:data1\" content=\"1 minute\" \/>\n<script type=\"application\/ld+json\" class=\"yoast-schema-graph\">{\"@context\":\"https:\\\/\\\/schema.org\",\"@graph\":[{\"@type\":\"WebPage\",\"@id\":\"https:\\\/\\\/floristeriaeltulipan.com\\\/tienda\\\/arreglo-rosas-colores\\\/\",\"url\":\"https:\\\/\\\/floristeriaeltulipan.com\\\/tienda\\\/arreglo-rosas-colores\\\/\",\"name\":\"Canasta de Rosas Mixtas\",\"isPartOf\":{\"@id\":\"https:\\\/\\\/floristeriaeltulipan.com\\\/#website\"},\"primaryImageOfPage\":{\"@id\":\"https:\\\/\\\/floristeriaeltulipan.com\\\/tienda\\\/arreglo-rosas-colores\\\/#primaryimage\"},\"image\":{\"@id\":\"https:\\\/\\\/floristeriaeltulipan.com\\\/tienda\\\/arreglo-rosas-colores\\\/#primaryimage\"},\"thumbnailUrl\":\"https:\\\/\\\/floristeriaeltulipan.com\\\/wp-content\\\/uploads\\\/2024\\\/05\\\/canasta-rosas-mixtas.jpg\",\"datePublished\":\"2024-05-03T02:12:28+00:00\",\"dateModified\":\"2026-02-06T19:31:28+00:00\",\"description\":\"Arreglo floral de rosas de colores variados en canasta. Regalo alegre y vibrante para cumplea\u00f1os en Managua. \u00a1Compra flores frescas online!\",\"breadcrumb\":{\"@id\":\"https:\\\/\\\/floristeriaeltulipan.com\\\/tienda\\\/arreglo-rosas-colores\\\/#breadcrumb\"},\"inLanguage\":\"en-US\",\"potentialAction\":[{\"@type\":\"ReadAction\",\"target\":[\"https:\\\/\\\/floristeriaeltulipan.com\\\/tienda\\\/arreglo-rosas-colores\\\/\"]}]},{\"@type\":\"ImageObject\",\"inLanguage\":\"en-US\",\"@id\":\"https:\\\/\\\/floristeriaeltulipan.com\\\/tienda\\\/arreglo-rosas-colores\\\/#primaryimage\",\"url\":\"https:\\\/\\\/floristeriaeltulipan.com\\\/wp-content\\\/uploads\\\/2024\\\/05\\\/canasta-rosas-mixtas.jpg\",\"contentUrl\":\"https:\\\/\\\/floristeriaeltulipan.com\\\/wp-content\\\/uploads\\\/2024\\\/05\\\/canasta-rosas-mixtas.jpg\",\"width\":1000,\"height\":1000,\"caption\":\"arreglo de rosas mixtas en canasta\"},{\"@type\":\"BreadcrumbList\",\"@id\":\"https:\\\/\\\/floristeriaeltulipan.com\\\/tienda\\\/arreglo-rosas-colores\\\/#breadcrumb\",\"itemListElement\":[{\"@type\":\"ListItem\",\"position\":1,\"name\":\"Inicio\",\"item\":\"https:\\\/\\\/floristeriaeltulipan.com\\\/\"},{\"@type\":\"ListItem\",\"position\":2,\"name\":\"Cat\u00e1logo\",\"item\":\"https:\\\/\\\/floristeriaeltulipan.com\\\/tienda\\\/\"},{\"@type\":\"ListItem\",\"position\":3,\"name\":\"Canasta de Rosas Mixtas\"}]},{\"@type\":\"WebSite\",\"@id\":\"https:\\\/\\\/floristeriaeltulipan.com\\\/#website\",\"url\":\"https:\\\/\\\/floristeriaeltulipan.com\\\/\",\"name\":\"Floristeria El Tulipan\",\"description\":\"Envia flores a Nicaragua con Floristeria El Tulipan\",\"publisher\":{\"@id\":\"https:\\\/\\\/floristeriaeltulipan.com\\\/#organization\"},\"potentialAction\":[{\"@type\":\"SearchAction\",\"target\":{\"@type\":\"EntryPoint\",\"urlTemplate\":\"https:\\\/\\\/floristeriaeltulipan.com\\\/?s={search_term_string}\"},\"query-input\":{\"@type\":\"PropertyValueSpecification\",\"valueRequired\":true,\"valueName\":\"search_term_string\"}}],\"inLanguage\":\"en-US\"},{\"@type\":\"Organization\",\"@id\":\"https:\\\/\\\/floristeriaeltulipan.com\\\/#organization\",\"name\":\"Floristeria El Tulipan\",\"url\":\"https:\\\/\\\/floristeriaeltulipan.com\\\/\",\"logo\":{\"@type\":\"ImageObject\",\"inLanguage\":\"en-US\",\"@id\":\"https:\\\/\\\/floristeriaeltulipan.com\\\/#\\\/schema\\\/logo\\\/image\\\/\",\"url\":\"https:\\\/\\\/floristeriaeltulipan.com\\\/wp-content\\\/uploads\\\/2024\\\/05\\\/fact.webp\",\"contentUrl\":\"https:\\\/\\\/floristeriaeltulipan.com\\\/wp-content\\\/uploads\\\/2024\\\/05\\\/fact.webp\",\"width\":500,\"height\":144,\"caption\":\"Floristeria El Tulipan\"},\"image\":{\"@id\":\"https:\\\/\\\/floristeriaeltulipan.com\\\/#\\\/schema\\\/logo\\\/image\\\/\"},\"sameAs\":[\"https:\\\/\\\/www.facebook.com\\\/eltulipani\",\"https:\\\/\\\/www.instagram.com\\\/eltulipani\\\/\",\"https:\\\/\\\/g.page\\\/eltulipani\\\/\"]}]}<\/script>\n<!-- \/ Yoast SEO plugin. -->","yoast_head_json":{"title":"Mixed Rose Gift Basket","description":"Arreglo floral de rosas de colores variados en canasta. Regalo alegre y vibrante para cumplea\u00f1os en Managua. \u00a1Compra flores frescas online!","robots":{"index":"index","follow":"follow","max-snippet":"max-snippet:-1","max-image-preview":"max-image-preview:large","max-video-preview":"max-video-preview:-1"},"canonical":"https:\/\/floristeriaeltulipan.com\/en\/store\/arreglo-rosas-colores\/","og_locale":"en_US","og_type":"article","og_title":"Canasta de Rosas Mixtas","og_description":"Arreglo floral de rosas de colores variados en canasta. Regalo alegre y vibrante para cumplea\u00f1os en Managua. \u00a1Compra flores frescas online!","og_url":"https:\/\/floristeriaeltulipan.com\/en\/store\/arreglo-rosas-colores\/","og_site_name":"Florister\u00eda El Tulip\u00e1n","article_publisher":"https:\/\/www.facebook.com\/eltulipani","article_modified_time":"2026-02-06T19:31:28+00:00","og_image":[{"width":1000,"height":1000,"url":"https:\/\/floristeriaeltulipan.com\/wp-content\/uploads\/2024\/05\/canasta-rosas-mixtas.jpg","type":"image\/jpeg"}],"twitter_card":"summary_large_image","twitter_misc":{"Est. reading time":"1 minute"},"schema":{"@context":"https:\/\/schema.org","@graph":[{"@type":"WebPage","@id":"https:\/\/floristeriaeltulipan.com\/tienda\/arreglo-rosas-colores\/","url":"https:\/\/floristeriaeltulipan.com\/tienda\/arreglo-rosas-colores\/","name":"Mixed Rose Gift Basket","isPartOf":{"@id":"https:\/\/floristeriaeltulipan.com\/#website"},"primaryImageOfPage":{"@id":"https:\/\/floristeriaeltulipan.com\/tienda\/arreglo-rosas-colores\/#primaryimage"},"image":{"@id":"https:\/\/floristeriaeltulipan.com\/tienda\/arreglo-rosas-colores\/#primaryimage"},"thumbnailUrl":"https:\/\/floristeriaeltulipan.com\/wp-content\/uploads\/2024\/05\/canasta-rosas-mixtas.jpg","datePublished":"2024-05-03T02:12:28+00:00","dateModified":"2026-02-06T19:31:28+00:00","description":"Arreglo floral de rosas de colores variados en canasta. Regalo alegre y vibrante para cumplea\u00f1os en Managua. \u00a1Compra flores frescas online!","breadcrumb":{"@id":"https:\/\/floristeriaeltulipan.com\/tienda\/arreglo-rosas-colores\/#breadcrumb"},"inLanguage":"en-US","potentialAction":[{"@type":"ReadAction","target":["https:\/\/floristeriaeltulipan.com\/tienda\/arreglo-rosas-colores\/"]}]},{"@type":"ImageObject","inLanguage":"en-US","@id":"https:\/\/floristeriaeltulipan.com\/tienda\/arreglo-rosas-colores\/#primaryimage","url":"https:\/\/floristeriaeltulipan.com\/wp-content\/uploads\/2024\/05\/canasta-rosas-mixtas.jpg","contentUrl":"https:\/\/floristeriaeltulipan.com\/wp-content\/uploads\/2024\/05\/canasta-rosas-mixtas.jpg","width":1000,"height":1000,"caption":"arreglo de rosas mixtas en canasta"},{"@type":"BreadcrumbList","@id":"https:\/\/floristeriaeltulipan.com\/tienda\/arreglo-rosas-colores\/#breadcrumb","itemListElement":[{"@type":"ListItem","position":1,"name":"Inicio","item":"https:\/\/floristeriaeltulipan.com\/"},{"@type":"ListItem","position":2,"name":"Cat\u00e1logo","item":"https:\/\/floristeriaeltulipan.com\/tienda\/"},{"@type":"ListItem","position":3,"name":"Canasta de Rosas Mixtas"}]},{"@type":"WebSite","@id":"https:\/\/floristeriaeltulipan.com\/#website","url":"https:\/\/floristeriaeltulipan.com\/","name":"Floristeria El Tulipan","description":"Send flowers to Nicaragua with Florister\u00eda El Tulip\u00e1n","publisher":{"@id":"https:\/\/floristeriaeltulipan.com\/#organization"},"potentialAction":[{"@type":"SearchAction","target":{"@type":"EntryPoint","urlTemplate":"https:\/\/floristeriaeltulipan.com\/?s={search_term_string}"},"query-input":{"@type":"PropertyValueSpecification","valueRequired":true,"valueName":"search_term_string"}}],"inLanguage":"en-US"},{"@type":"Organization","@id":"https:\/\/floristeriaeltulipan.com\/#organization","name":"Floristeria El Tulipan","url":"https:\/\/floristeriaeltulipan.com\/","logo":{"@type":"ImageObject","inLanguage":"en-US","@id":"https:\/\/floristeriaeltulipan.com\/#\/schema\/logo\/image\/","url":"https:\/\/floristeriaeltulipan.com\/wp-content\/uploads\/2024\/05\/fact.webp","contentUrl":"https:\/\/floristeriaeltulipan.com\/wp-content\/uploads\/2024\/05\/fact.webp","width":500,"height":144,"caption":"Floristeria El Tulipan"},"image":{"@id":"https:\/\/floristeriaeltulipan.com\/#\/schema\/logo\/image\/"},"sameAs":["https:\/\/www.facebook.com\/eltulipani","https:\/\/www.instagram.com\/eltulipani\/","https:\/\/g.page\/eltulipani\/"]}]}},"_links":{"self":[{"href":"https:\/\/floristeriaeltulipan.com\/en\/wp-json\/wp\/v2\/product\/33318","targetHints":{"allow":["GET"]}}],"collection":[{"href":"https:\/\/floristeriaeltulipan.com\/en\/wp-json\/wp\/v2\/product"}],"about":[{"href":"https:\/\/floristeriaeltulipan.com\/en\/wp-json\/wp\/v2\/types\/product"}],"wp:featuredmedia":[{"embeddable":true,"href":"https:\/\/floristeriaeltulipan.com\/en\/wp-json\/wp\/v2\/media\/52582"}],"wp:attachment":[{"href":"https:\/\/floristeriaeltulipan.com\/en\/wp-json\/wp\/v2\/media?parent=33318"}],"wp:term":[{"taxonomy":"product_brand","embeddable":true,"href":"https:\/\/floristeriaeltulipan.com\/en\/wp-json\/wp\/v2\/product_brand?post=33318"},{"taxonomy":"product_cat","embeddable":true,"href":"https:\/\/floristeriaeltulipan.com\/en\/wp-json\/wp\/v2\/product_cat?post=33318"},{"taxonomy":"product_tag","embeddable":true,"href":"https:\/\/floristeriaeltulipan.com\/en\/wp-json\/wp\/v2\/product_tag?post=33318"}],"curies":[{"name":"wp","href":"https:\/\/api.w.org\/{rel}","templated":true}]}}