{"id":33316,"date":"2024-05-03T13:04:27","date_gmt":"2024-05-03T19:04:27","guid":{"rendered":"http:\/\/tulipan.perroperro.com\/?post_type=product&#038;p=33316"},"modified":"2026-02-06T13:31:28","modified_gmt":"2026-02-06T19:31:28","slug":"24-rosas-rojas","status":"publish","type":"product","link":"https:\/\/floristeriaeltulipan.com\/en\/store\/24-rosas-rojas\/","title":{"rendered":"Arreglo de 24 Rosas Rojas Elegantes"},"content":{"rendered":"","protected":false},"excerpt":{"rendered":"<p>Descubra nuestro elegante arreglo de 24 rosas rojas, dise\u00f1ado para crear un ambiente sofisticado. Si busca arreglos de rosas rojas elegantes, esta opci\u00f3n es ideal para ocasiones especiales: aniversarios, gestos rom\u00e1nticos, o celebraciones de alto nivel.<\/p>","protected":false},"featured_media":50883,"template":"","meta":{"inline_featured_image":false},"product_brand":[],"product_cat":[515,577,516,522,524,551,582],"product_tag":[],"class_list":{"0":"post-33316","1":"product","2":"type-product","3":"status-publish","4":"has-post-thumbnail","6":"product_cat-amor","7":"product_cat-rosas-rojas","8":"product_cat-cumple","9":"product_cat-cumple-ella","10":"product_cat-cumple-mama","11":"product_cat-dia-madres","12":"product_cat-san-valentin","14":"first","15":"instock","16":"shipping-taxable","17":"purchasable","18":"product-type-simple"},"yoast_head":"<!-- This site is optimized with the Yoast SEO plugin v27.3 - https:\/\/yoast.com\/product\/yoast-seo-wordpress\/ -->\n<title>Arreglo Floral de 24 Rosas en Base R\u00fastica en Nicaragua<\/title>\n<meta name=\"description\" content=\"Ordena en l\u00ednea este exclusivo arreglo de 24 rosas rojas elegantes. Entrega r\u00e1pida en Managua. Perfecto para regalar amor con estilo\" \/>\n<meta name=\"robots\" content=\"index, follow, max-snippet:-1, max-image-preview:large, max-video-preview:-1\" \/>\n<link rel=\"canonical\" href=\"https:\/\/floristeriaeltulipan.com\/en\/store\/24-rosas-rojas\/\" \/>\n<meta property=\"og:locale\" content=\"en_US\" \/>\n<meta property=\"og:type\" content=\"article\" \/>\n<meta property=\"og:title\" content=\"Arreglo Floral de 24 Rosas en Base R\u00fastica en Nicaragua\" \/>\n<meta property=\"og:description\" content=\"Ordena en l\u00ednea este exclusivo arreglo de 24 rosas rojas elegantes. Entrega r\u00e1pida en Managua. Perfecto para regalar amor con estilo\" \/>\n<meta property=\"og:url\" content=\"https:\/\/floristeriaeltulipan.com\/en\/store\/24-rosas-rojas\/\" \/>\n<meta property=\"og:site_name\" content=\"Florister\u00eda El Tulip\u00e1n\" \/>\n<meta property=\"article:publisher\" content=\"https:\/\/www.facebook.com\/eltulipani\" \/>\n<meta property=\"article:modified_time\" content=\"2026-02-06T19:31:28+00:00\" \/>\n<meta property=\"og:image\" content=\"https:\/\/floristeriaeltulipan.com\/wp-content\/uploads\/2015\/10\/24-rosas-rojas.webp\" \/>\n\t<meta property=\"og:image:width\" content=\"675\" \/>\n\t<meta property=\"og:image:height\" content=\"900\" \/>\n\t<meta property=\"og:image:type\" content=\"image\/webp\" \/>\n<meta name=\"twitter:card\" content=\"summary_large_image\" \/>\n<meta name=\"twitter:label1\" content=\"Est. reading time\" \/>\n\t<meta name=\"twitter:data1\" content=\"1 minute\" \/>\n<script type=\"application\/ld+json\" class=\"yoast-schema-graph\">{\"@context\":\"https:\\\/\\\/schema.org\",\"@graph\":[{\"@type\":\"WebPage\",\"@id\":\"https:\\\/\\\/floristeriaeltulipan.com\\\/tienda\\\/24-rosas-rojas\\\/\",\"url\":\"https:\\\/\\\/floristeriaeltulipan.com\\\/tienda\\\/24-rosas-rojas\\\/\",\"name\":\"Arreglo Floral de 24 Rosas en Base R\u00fastica en Nicaragua\",\"isPartOf\":{\"@id\":\"https:\\\/\\\/floristeriaeltulipan.com\\\/#website\"},\"primaryImageOfPage\":{\"@id\":\"https:\\\/\\\/floristeriaeltulipan.com\\\/tienda\\\/24-rosas-rojas\\\/#primaryimage\"},\"image\":{\"@id\":\"https:\\\/\\\/floristeriaeltulipan.com\\\/tienda\\\/24-rosas-rojas\\\/#primaryimage\"},\"thumbnailUrl\":\"https:\\\/\\\/floristeriaeltulipan.com\\\/wp-content\\\/uploads\\\/2015\\\/10\\\/24-rosas-rojas.webp\",\"datePublished\":\"2024-05-03T19:04:27+00:00\",\"dateModified\":\"2026-02-06T19:31:28+00:00\",\"description\":\"Ordena en l\u00ednea este exclusivo arreglo de 24 rosas rojas elegantes. Entrega r\u00e1pida en Managua. Perfecto para regalar amor con estilo\",\"breadcrumb\":{\"@id\":\"https:\\\/\\\/floristeriaeltulipan.com\\\/tienda\\\/24-rosas-rojas\\\/#breadcrumb\"},\"inLanguage\":\"en-US\",\"potentialAction\":[{\"@type\":\"ReadAction\",\"target\":[\"https:\\\/\\\/floristeriaeltulipan.com\\\/tienda\\\/24-rosas-rojas\\\/\"]}]},{\"@type\":\"ImageObject\",\"inLanguage\":\"en-US\",\"@id\":\"https:\\\/\\\/floristeriaeltulipan.com\\\/tienda\\\/24-rosas-rojas\\\/#primaryimage\",\"url\":\"https:\\\/\\\/floristeriaeltulipan.com\\\/wp-content\\\/uploads\\\/2015\\\/10\\\/24-rosas-rojas.webp\",\"contentUrl\":\"https:\\\/\\\/floristeriaeltulipan.com\\\/wp-content\\\/uploads\\\/2015\\\/10\\\/24-rosas-rojas.webp\",\"width\":675,\"height\":900,\"caption\":\"24 Rosas Rojas base Rustica\"},{\"@type\":\"BreadcrumbList\",\"@id\":\"https:\\\/\\\/floristeriaeltulipan.com\\\/tienda\\\/24-rosas-rojas\\\/#breadcrumb\",\"itemListElement\":[{\"@type\":\"ListItem\",\"position\":1,\"name\":\"Inicio\",\"item\":\"https:\\\/\\\/floristeriaeltulipan.com\\\/\"},{\"@type\":\"ListItem\",\"position\":2,\"name\":\"Cat\u00e1logo\",\"item\":\"https:\\\/\\\/floristeriaeltulipan.com\\\/tienda\\\/\"},{\"@type\":\"ListItem\",\"position\":3,\"name\":\"Arreglo de 24 Rosas Rojas Elegantes\"}]},{\"@type\":\"WebSite\",\"@id\":\"https:\\\/\\\/floristeriaeltulipan.com\\\/#website\",\"url\":\"https:\\\/\\\/floristeriaeltulipan.com\\\/\",\"name\":\"Floristeria El Tulipan\",\"description\":\"Envia flores a Nicaragua con Floristeria El Tulipan\",\"publisher\":{\"@id\":\"https:\\\/\\\/floristeriaeltulipan.com\\\/#organization\"},\"potentialAction\":[{\"@type\":\"SearchAction\",\"target\":{\"@type\":\"EntryPoint\",\"urlTemplate\":\"https:\\\/\\\/floristeriaeltulipan.com\\\/?s={search_term_string}\"},\"query-input\":{\"@type\":\"PropertyValueSpecification\",\"valueRequired\":true,\"valueName\":\"search_term_string\"}}],\"inLanguage\":\"en-US\"},{\"@type\":\"Organization\",\"@id\":\"https:\\\/\\\/floristeriaeltulipan.com\\\/#organization\",\"name\":\"Floristeria El Tulipan\",\"url\":\"https:\\\/\\\/floristeriaeltulipan.com\\\/\",\"logo\":{\"@type\":\"ImageObject\",\"inLanguage\":\"en-US\",\"@id\":\"https:\\\/\\\/floristeriaeltulipan.com\\\/#\\\/schema\\\/logo\\\/image\\\/\",\"url\":\"https:\\\/\\\/floristeriaeltulipan.com\\\/wp-content\\\/uploads\\\/2024\\\/05\\\/fact.webp\",\"contentUrl\":\"https:\\\/\\\/floristeriaeltulipan.com\\\/wp-content\\\/uploads\\\/2024\\\/05\\\/fact.webp\",\"width\":500,\"height\":144,\"caption\":\"Floristeria El Tulipan\"},\"image\":{\"@id\":\"https:\\\/\\\/floristeriaeltulipan.com\\\/#\\\/schema\\\/logo\\\/image\\\/\"},\"sameAs\":[\"https:\\\/\\\/www.facebook.com\\\/eltulipani\",\"https:\\\/\\\/www.instagram.com\\\/eltulipani\\\/\",\"https:\\\/\\\/g.page\\\/eltulipani\\\/\"]}]}<\/script>\n<!-- \/ Yoast SEO plugin. -->","yoast_head_json":{"title":"Arreglo Floral de 24 Rosas en Base R\u00fastica en Nicaragua","description":"Ordena en l\u00ednea este exclusivo arreglo de 24 rosas rojas elegantes. Entrega r\u00e1pida en Managua. Perfecto para regalar amor con estilo","robots":{"index":"index","follow":"follow","max-snippet":"max-snippet:-1","max-image-preview":"max-image-preview:large","max-video-preview":"max-video-preview:-1"},"canonical":"https:\/\/floristeriaeltulipan.com\/en\/store\/24-rosas-rojas\/","og_locale":"en_US","og_type":"article","og_title":"Arreglo Floral de 24 Rosas en Base R\u00fastica en Nicaragua","og_description":"Ordena en l\u00ednea este exclusivo arreglo de 24 rosas rojas elegantes. Entrega r\u00e1pida en Managua. Perfecto para regalar amor con estilo","og_url":"https:\/\/floristeriaeltulipan.com\/en\/store\/24-rosas-rojas\/","og_site_name":"Florister\u00eda El Tulip\u00e1n","article_publisher":"https:\/\/www.facebook.com\/eltulipani","article_modified_time":"2026-02-06T19:31:28+00:00","og_image":[{"width":675,"height":900,"url":"https:\/\/floristeriaeltulipan.com\/wp-content\/uploads\/2015\/10\/24-rosas-rojas.webp","type":"image\/webp"}],"twitter_card":"summary_large_image","twitter_misc":{"Est. reading time":"1 minute"},"schema":{"@context":"https:\/\/schema.org","@graph":[{"@type":"WebPage","@id":"https:\/\/floristeriaeltulipan.com\/tienda\/24-rosas-rojas\/","url":"https:\/\/floristeriaeltulipan.com\/tienda\/24-rosas-rojas\/","name":"Arreglo Floral de 24 Rosas en Base R\u00fastica en Nicaragua","isPartOf":{"@id":"https:\/\/floristeriaeltulipan.com\/#website"},"primaryImageOfPage":{"@id":"https:\/\/floristeriaeltulipan.com\/tienda\/24-rosas-rojas\/#primaryimage"},"image":{"@id":"https:\/\/floristeriaeltulipan.com\/tienda\/24-rosas-rojas\/#primaryimage"},"thumbnailUrl":"https:\/\/floristeriaeltulipan.com\/wp-content\/uploads\/2015\/10\/24-rosas-rojas.webp","datePublished":"2024-05-03T19:04:27+00:00","dateModified":"2026-02-06T19:31:28+00:00","description":"Ordena en l\u00ednea este exclusivo arreglo de 24 rosas rojas elegantes. Entrega r\u00e1pida en Managua. Perfecto para regalar amor con estilo","breadcrumb":{"@id":"https:\/\/floristeriaeltulipan.com\/tienda\/24-rosas-rojas\/#breadcrumb"},"inLanguage":"en-US","potentialAction":[{"@type":"ReadAction","target":["https:\/\/floristeriaeltulipan.com\/tienda\/24-rosas-rojas\/"]}]},{"@type":"ImageObject","inLanguage":"en-US","@id":"https:\/\/floristeriaeltulipan.com\/tienda\/24-rosas-rojas\/#primaryimage","url":"https:\/\/floristeriaeltulipan.com\/wp-content\/uploads\/2015\/10\/24-rosas-rojas.webp","contentUrl":"https:\/\/floristeriaeltulipan.com\/wp-content\/uploads\/2015\/10\/24-rosas-rojas.webp","width":675,"height":900,"caption":"24 Rosas Rojas base Rustica"},{"@type":"BreadcrumbList","@id":"https:\/\/floristeriaeltulipan.com\/tienda\/24-rosas-rojas\/#breadcrumb","itemListElement":[{"@type":"ListItem","position":1,"name":"Inicio","item":"https:\/\/floristeriaeltulipan.com\/"},{"@type":"ListItem","position":2,"name":"Cat\u00e1logo","item":"https:\/\/floristeriaeltulipan.com\/tienda\/"},{"@type":"ListItem","position":3,"name":"Arreglo de 24 Rosas Rojas Elegantes"}]},{"@type":"WebSite","@id":"https:\/\/floristeriaeltulipan.com\/#website","url":"https:\/\/floristeriaeltulipan.com\/","name":"Floristeria El Tulipan","description":"Send flowers to Nicaragua with Florister\u00eda El Tulip\u00e1n","publisher":{"@id":"https:\/\/floristeriaeltulipan.com\/#organization"},"potentialAction":[{"@type":"SearchAction","target":{"@type":"EntryPoint","urlTemplate":"https:\/\/floristeriaeltulipan.com\/?s={search_term_string}"},"query-input":{"@type":"PropertyValueSpecification","valueRequired":true,"valueName":"search_term_string"}}],"inLanguage":"en-US"},{"@type":"Organization","@id":"https:\/\/floristeriaeltulipan.com\/#organization","name":"Floristeria El Tulipan","url":"https:\/\/floristeriaeltulipan.com\/","logo":{"@type":"ImageObject","inLanguage":"en-US","@id":"https:\/\/floristeriaeltulipan.com\/#\/schema\/logo\/image\/","url":"https:\/\/floristeriaeltulipan.com\/wp-content\/uploads\/2024\/05\/fact.webp","contentUrl":"https:\/\/floristeriaeltulipan.com\/wp-content\/uploads\/2024\/05\/fact.webp","width":500,"height":144,"caption":"Floristeria El Tulipan"},"image":{"@id":"https:\/\/floristeriaeltulipan.com\/#\/schema\/logo\/image\/"},"sameAs":["https:\/\/www.facebook.com\/eltulipani","https:\/\/www.instagram.com\/eltulipani\/","https:\/\/g.page\/eltulipani\/"]}]}},"_links":{"self":[{"href":"https:\/\/floristeriaeltulipan.com\/en\/wp-json\/wp\/v2\/product\/33316","targetHints":{"allow":["GET"]}}],"collection":[{"href":"https:\/\/floristeriaeltulipan.com\/en\/wp-json\/wp\/v2\/product"}],"about":[{"href":"https:\/\/floristeriaeltulipan.com\/en\/wp-json\/wp\/v2\/types\/product"}],"wp:featuredmedia":[{"embeddable":true,"href":"https:\/\/floristeriaeltulipan.com\/en\/wp-json\/wp\/v2\/media\/50883"}],"wp:attachment":[{"href":"https:\/\/floristeriaeltulipan.com\/en\/wp-json\/wp\/v2\/media?parent=33316"}],"wp:term":[{"taxonomy":"product_brand","embeddable":true,"href":"https:\/\/floristeriaeltulipan.com\/en\/wp-json\/wp\/v2\/product_brand?post=33316"},{"taxonomy":"product_cat","embeddable":true,"href":"https:\/\/floristeriaeltulipan.com\/en\/wp-json\/wp\/v2\/product_cat?post=33316"},{"taxonomy":"product_tag","embeddable":true,"href":"https:\/\/floristeriaeltulipan.com\/en\/wp-json\/wp\/v2\/product_tag?post=33316"}],"curies":[{"name":"wp","href":"https:\/\/api.w.org\/{rel}","templated":true}]}}