{"id":51882,"date":"2025-08-02T14:12:38","date_gmt":"2025-08-02T20:12:38","guid":{"rendered":"https:\/\/floristeriaeltulipan.com\/?page_id=51882"},"modified":"2026-02-27T23:18:22","modified_gmt":"2026-02-28T05:18:22","slug":"preguntas-frecuentes","status":"publish","type":"page","link":"https:\/\/floristeriaeltulipan.com\/en\/preguntas-frecuentes\/","title":{"rendered":"FAQs"},"content":{"rendered":"\t\t<div data-elementor-type=\"wp-page\" data-elementor-id=\"51882\" class=\"elementor elementor-51882\" data-elementor-post-type=\"page\">\n\t\t\t\t<div class=\"elementor-element elementor-element-9b7e0ed e-flex e-con-boxed e-con e-parent\" data-id=\"9b7e0ed\" data-element_type=\"container\" data-e-type=\"container\">\n\t\t\t\t\t<div class=\"e-con-inner\">\n\t\t<div class=\"elementor-element elementor-element-35672f0 e-con-full e-flex e-con e-child\" data-id=\"35672f0\" data-element_type=\"container\" data-e-type=\"container\">\n\t\t\t\t<div class=\"elementor-element elementor-element-0471115 elementor-widget elementor-widget-breadcrumbs\" data-id=\"0471115\" data-element_type=\"widget\" data-e-type=\"widget\" data-widget_type=\"breadcrumbs.default\">\n\t\t\t\t<div class=\"elementor-widget-container\">\n\t\t\t\t\t<p id=\"breadcrumbs\"><span><span><a href=\"https:\/\/floristeriaeltulipan.com\/\">Inicio<\/a><\/span><\/span><\/p>\t\t\t\t<\/div>\n\t\t\t\t<\/div>\n\t\t\t\t<div class=\"elementor-element elementor-element-502c1b7 elementor-widget__width-inherit elementor-widget elementor-widget-text-editor\" data-id=\"502c1b7\" data-element_type=\"widget\" data-e-type=\"widget\" data-widget_type=\"text-editor.default\">\n\t\t\t\t<div class=\"elementor-widget-container\">\n\t\t\t\t\t\t\t\t\t<p><strong>\u00bfTen\u00e9s dudas sobre tu pedido?<\/strong> A continuaci\u00f3n encontrar\u00e1s informaci\u00f3n detallada sobre nuestras zonas de cobertura, tiempos de entrega y procesos de compra. Revis\u00e1 esta lista para resolver tus inquietudes r\u00e1pidamente antes de realizar tu orden.<\/p>\t\t\t\t\t\t\t\t<\/div>\n\t\t\t\t<\/div>\n\t\t\t\t<\/div>\n\t\t\t\t\t<\/div>\n\t\t\t\t<\/div>\n\t\t<div class=\"elementor-element elementor-element-34a9d6c e-flex e-con-boxed e-con e-parent\" data-id=\"34a9d6c\" data-element_type=\"container\" data-e-type=\"container\">\n\t\t\t\t\t<div class=\"e-con-inner\">\n\t\t<div class=\"elementor-element elementor-element-3088546 e-con-full e-flex e-con e-child\" data-id=\"3088546\" data-element_type=\"container\" data-e-type=\"container\">\n\t\t\t\t<div class=\"elementor-element elementor-element-40522ec elementor-widget elementor-widget-heading\" data-id=\"40522ec\" data-element_type=\"widget\" data-e-type=\"widget\" data-widget_type=\"heading.default\">\n\t\t\t\t<div class=\"elementor-widget-container\">\n\t\t\t\t\t<h3 class=\"elementor-heading-title elementor-size-default\">\u00bfA qu\u00e9 ciudades de Nicaragua env\u00edan flores?<\/h3>\t\t\t\t<\/div>\n\t\t\t\t<\/div>\n\t\t\t\t<div class=\"elementor-element elementor-element-68864e5 elementor-widget elementor-widget-text-editor\" data-id=\"68864e5\" data-element_type=\"widget\" data-e-type=\"widget\" data-widget_type=\"text-editor.default\">\n\t\t\t\t<div class=\"elementor-widget-container\">\n\t\t\t\t\t\t\t\t\t<p><strong>Cobertura completa + Precio Delivery:<\/strong><\/p><p>Floristeria El Tulipan realiza envios de flores a domicilio en Managua ($8), Ciudad Sandino ($18), Tipitapa ($25), Ticuantepe ($20), Masaya ($25), Nindiri ($20), Veracruz ($12), <a href=\"https:\/\/floristeriaeltulipan.com\/flores-a-domicilio-en-granada\/\">Granada<\/a> ($28), y las ciudades de Carazo incluyendo Diriamba, Jinotepe y San Marcos ($28). Horario de entregas: lunes a viernes 9 AM a 4:00 PM, sabados 9 AM a 12:00 PM.<\/p>\t\t\t\t\t\t\t\t<\/div>\n\t\t\t\t<\/div>\n\t\t\t\t<div class=\"elementor-element elementor-element-cbb6c57 elementor-widget-divider--view-line elementor-widget elementor-widget-divider\" data-id=\"cbb6c57\" data-element_type=\"widget\" data-e-type=\"widget\" data-widget_type=\"divider.default\">\n\t\t\t\t<div class=\"elementor-widget-container\">\n\t\t\t\t\t\t\t<div class=\"elementor-divider\">\n\t\t\t<span class=\"elementor-divider-separator\">\n\t\t\t\t\t\t<\/span>\n\t\t<\/div>\n\t\t\t\t\t\t<\/div>\n\t\t\t\t<\/div>\n\t\t\t\t<div class=\"elementor-element elementor-element-10da4af elementor-widget elementor-widget-heading\" data-id=\"10da4af\" data-element_type=\"widget\" data-e-type=\"widget\" data-widget_type=\"heading.default\">\n\t\t\t\t<div class=\"elementor-widget-container\">\n\t\t\t\t\t<h3 class=\"elementor-heading-title elementor-size-default\">\u00bfCu\u00e1les son sus m\u00e9todos de pago?<\/h3>\t\t\t\t<\/div>\n\t\t\t\t<\/div>\n\t\t\t\t<div class=\"elementor-element elementor-element-bdc2d2f elementor-widget elementor-widget-text-editor\" data-id=\"bdc2d2f\" data-element_type=\"widget\" data-e-type=\"widget\" data-widget_type=\"text-editor.default\">\n\t\t\t\t<div class=\"elementor-widget-container\">\n\t\t\t\t\t\t\t\t\t<p><strong>Opciones disponibles:<\/strong><\/p><ul><li><strong>Tarjetas:<\/strong> Visa, Mastercard, American Express (v\u00eda Stripe)<\/li><li><strong>Transferencias:<\/strong> BAC Credomatic, LAFISE<\/li><li><strong>Digitales:<\/strong> PayPal, Zelle<\/li><li><strong>Links de pago:<\/strong> Para compras desde el extranjero<\/li><\/ul><p>\u00a0<\/p><p><strong>Pagos seguros:<\/strong> Procesamiento encriptado en todas las transacciones<\/p>\t\t\t\t\t\t\t\t<\/div>\n\t\t\t\t<\/div>\n\t\t\t\t<div class=\"elementor-element elementor-element-81fca39 elementor-widget-divider--view-line elementor-widget elementor-widget-divider\" data-id=\"81fca39\" data-element_type=\"widget\" data-e-type=\"widget\" data-widget_type=\"divider.default\">\n\t\t\t\t<div class=\"elementor-widget-container\">\n\t\t\t\t\t\t\t<div class=\"elementor-divider\">\n\t\t\t<span class=\"elementor-divider-separator\">\n\t\t\t\t\t\t<\/span>\n\t\t<\/div>\n\t\t\t\t\t\t<\/div>\n\t\t\t\t<\/div>\n\t\t\t\t<div class=\"elementor-element elementor-element-58d2029 elementor-widget elementor-widget-heading\" data-id=\"58d2029\" data-element_type=\"widget\" data-e-type=\"widget\" data-widget_type=\"heading.default\">\n\t\t\t\t<div class=\"elementor-widget-container\">\n\t\t\t\t\t<h3 class=\"elementor-heading-title elementor-size-default\">\u00bfC\u00f3mo hacer un pedido en l\u00ednea?<\/h3>\t\t\t\t<\/div>\n\t\t\t\t<\/div>\n\t\t\t\t<div class=\"elementor-element elementor-element-b714713 elementor-widget elementor-widget-text-editor\" data-id=\"b714713\" data-element_type=\"widget\" data-e-type=\"widget\" data-widget_type=\"text-editor.default\">\n\t\t\t\t<div class=\"elementor-widget-container\">\n\t\t\t\t\t\t\t\t\t<p><strong>Proceso simple:<\/strong><\/p><ol><li>Navega por nuestro cat\u00e1logo de arreglos<\/li><li>Selecciona el producto y agr\u00e9galo al carrito<\/li><li>Completa informaci\u00f3n del destinatario<\/li><li>Elige m\u00e9todo de pago y confirma<\/li><\/ol><p>\u00a0<\/p><p><strong>Sin registro requerido:<\/strong> Compra directamente sin crear cuenta<\/p>\t\t\t\t\t\t\t\t<\/div>\n\t\t\t\t<\/div>\n\t\t\t\t<div class=\"elementor-element elementor-element-65073d8 elementor-widget-divider--view-line elementor-widget elementor-widget-divider\" data-id=\"65073d8\" data-element_type=\"widget\" data-e-type=\"widget\" data-widget_type=\"divider.default\">\n\t\t\t\t<div class=\"elementor-widget-container\">\n\t\t\t\t\t\t\t<div class=\"elementor-divider\">\n\t\t\t<span class=\"elementor-divider-separator\">\n\t\t\t\t\t\t<\/span>\n\t\t<\/div>\n\t\t\t\t\t\t<\/div>\n\t\t\t\t<\/div>\n\t\t\t\t<div class=\"elementor-element elementor-element-2d943c8 elementor-widget elementor-widget-heading\" data-id=\"2d943c8\" data-element_type=\"widget\" data-e-type=\"widget\" data-widget_type=\"heading.default\">\n\t\t\t\t<div class=\"elementor-widget-container\">\n\t\t\t\t\t<h3 class=\"elementor-heading-title elementor-size-default\">\u00bfQu\u00e9 pasa si el destinatario no est\u00e1 en casa?<\/h3>\t\t\t\t<\/div>\n\t\t\t\t<\/div>\n\t\t\t\t<div class=\"elementor-element elementor-element-ef91b86 elementor-widget elementor-widget-text-editor\" data-id=\"ef91b86\" data-element_type=\"widget\" data-e-type=\"widget\" data-widget_type=\"text-editor.default\">\n\t\t\t\t<div class=\"elementor-widget-container\">\n\t\t\t\t\t\t\t\t\t<p><strong>Protocolo de entrega:<\/strong><\/p><ol><li><strong>Intentamos<\/strong> entregar con familiar\/vecino de confianza<\/li><li><strong>Te contactamos<\/strong> por WhatsApp para instrucciones<\/li><li><strong>Reprogramamos<\/strong> entrega sin costo adicional\\<\/li><\/ol><p>\u00a0<\/p><p><strong>Recomendaci\u00f3n:<\/strong> Proporciona n\u00famero de tel\u00e9fono del destinatario<\/p>\t\t\t\t\t\t\t\t<\/div>\n\t\t\t\t<\/div>\n\t\t\t\t<div class=\"elementor-element elementor-element-9277167 elementor-widget-divider--view-line elementor-widget elementor-widget-divider\" data-id=\"9277167\" data-element_type=\"widget\" data-e-type=\"widget\" data-widget_type=\"divider.default\">\n\t\t\t\t<div class=\"elementor-widget-container\">\n\t\t\t\t\t\t\t<div class=\"elementor-divider\">\n\t\t\t<span class=\"elementor-divider-separator\">\n\t\t\t\t\t\t<\/span>\n\t\t<\/div>\n\t\t\t\t\t\t<\/div>\n\t\t\t\t<\/div>\n\t\t\t\t<div class=\"elementor-element elementor-element-c265d36 elementor-widget elementor-widget-heading\" data-id=\"c265d36\" data-element_type=\"widget\" data-e-type=\"widget\" data-widget_type=\"heading.default\">\n\t\t\t\t<div class=\"elementor-widget-container\">\n\t\t\t\t\t<h3 class=\"elementor-heading-title elementor-size-default\">\u00bfOfrecen entrega el mismo d\u00eda?<\/h3>\t\t\t\t<\/div>\n\t\t\t\t<\/div>\n\t\t\t\t<div class=\"elementor-element elementor-element-b61afeb elementor-widget elementor-widget-text-editor\" data-id=\"b61afeb\" data-element_type=\"widget\" data-e-type=\"widget\" data-widget_type=\"text-editor.default\">\n\t\t\t\t<div class=\"elementor-widget-container\">\n\t\t\t\t\t\t\t\t\t<p><strong>Servicio express:<\/strong><\/p><ul><li><strong>Managua<\/strong>: Pedidos antes de 3:30 PM<\/li><li><strong>Masaya\/Granada\/Carazo<\/strong>: Pedidos antes de 2:00 PM<\/li><li><strong>Emergencias<\/strong>: Disponible<\/li><\/ul><p>\u00a0<\/p><p><strong>D\u00edas especiales:<\/strong> San Valent\u00edn, D\u00eda de la Madre (ordenar con 24hrs anticipaci\u00f3n)<\/p>\t\t\t\t\t\t\t\t<\/div>\n\t\t\t\t<\/div>\n\t\t\t\t<div class=\"elementor-element elementor-element-9473b82 elementor-widget-divider--view-line elementor-widget elementor-widget-divider\" data-id=\"9473b82\" data-element_type=\"widget\" data-e-type=\"widget\" data-widget_type=\"divider.default\">\n\t\t\t\t<div class=\"elementor-widget-container\">\n\t\t\t\t\t\t\t<div class=\"elementor-divider\">\n\t\t\t<span class=\"elementor-divider-separator\">\n\t\t\t\t\t\t<\/span>\n\t\t<\/div>\n\t\t\t\t\t\t<\/div>\n\t\t\t\t<\/div>\n\t\t\t\t<div class=\"elementor-element elementor-element-f20ad40 elementor-widget elementor-widget-heading\" data-id=\"f20ad40\" data-element_type=\"widget\" data-e-type=\"widget\" data-widget_type=\"heading.default\">\n\t\t\t\t<div class=\"elementor-widget-container\">\n\t\t\t\t\t<h3 class=\"elementor-heading-title elementor-size-default\">\u00bfC\u00f3mo rastrear mi pedido?<\/h3>\t\t\t\t<\/div>\n\t\t\t\t<\/div>\n\t\t\t\t<div class=\"elementor-element elementor-element-fc7de76 elementor-widget elementor-widget-text-editor\" data-id=\"fc7de76\" data-element_type=\"widget\" data-e-type=\"widget\" data-widget_type=\"text-editor.default\">\n\t\t\t\t<div class=\"elementor-widget-container\">\n\t\t\t\t\t\t\t\t\t<p><strong>Seguimiento disponible:<\/strong><\/p><ul><li><strong>WhatsApp<\/strong>: <a href=\"tel:+150588836430\">+1 (505) 8883-6430<\/a><\/li><li><strong>Email<\/strong>: info@floristeriaeltulipan.com<\/li><li><strong>Tel\u00e9fono<\/strong>: <a href=\"tel:+150522787601\">+1 (505) 2278-7601<\/a><\/li><\/ul><p><strong>Actualizaciones autom\u00e1ticas:<\/strong> Confirmaci\u00f3n de pedido<\/p>\t\t\t\t\t\t\t\t<\/div>\n\t\t\t\t<\/div>\n\t\t\t\t<div class=\"elementor-element elementor-element-5ecae87 elementor-widget-divider--view-line elementor-widget elementor-widget-divider\" data-id=\"5ecae87\" data-element_type=\"widget\" data-e-type=\"widget\" data-widget_type=\"divider.default\">\n\t\t\t\t<div class=\"elementor-widget-container\">\n\t\t\t\t\t\t\t<div class=\"elementor-divider\">\n\t\t\t<span class=\"elementor-divider-separator\">\n\t\t\t\t\t\t<\/span>\n\t\t<\/div>\n\t\t\t\t\t\t<\/div>\n\t\t\t\t<\/div>\n\t\t\t\t<div class=\"elementor-element elementor-element-155b442 elementor-widget elementor-widget-heading\" data-id=\"155b442\" data-element_type=\"widget\" data-e-type=\"widget\" data-widget_type=\"heading.default\">\n\t\t\t\t<div class=\"elementor-widget-container\">\n\t\t\t\t\t<h3 class=\"elementor-heading-title elementor-size-default\">\u00bfQu\u00e9 hacer si las flores llegan da\u00f1adas?<\/h3>\t\t\t\t<\/div>\n\t\t\t\t<\/div>\n\t\t\t\t<div class=\"elementor-element elementor-element-7ab4714 elementor-widget elementor-widget-text-editor\" data-id=\"7ab4714\" data-element_type=\"widget\" data-e-type=\"widget\" data-widget_type=\"text-editor.default\">\n\t\t\t\t<div class=\"elementor-widget-container\">\n\t\t\t\t\t\t\t\t\t<p><strong>Garant\u00eda de frescura:<\/strong><\/p><ul><li><strong>Reporte<\/strong> dentro de 2 horas de entrega<\/li><li><strong>Reemplazo gratuito<\/strong> por da\u00f1os en tr\u00e1nsito<\/li><li><strong>Foto requerida<\/strong> para procesar reclamo<\/li><li><strong>Soluci\u00f3n inmediata<\/strong> el mismo d\u00eda<\/li><\/ul>\t\t\t\t\t\t\t\t<\/div>\n\t\t\t\t<\/div>\n\t\t\t\t<div class=\"elementor-element elementor-element-6861f8b elementor-widget-divider--view-line elementor-widget elementor-widget-divider\" data-id=\"6861f8b\" data-element_type=\"widget\" data-e-type=\"widget\" data-widget_type=\"divider.default\">\n\t\t\t\t<div class=\"elementor-widget-container\">\n\t\t\t\t\t\t\t<div class=\"elementor-divider\">\n\t\t\t<span class=\"elementor-divider-separator\">\n\t\t\t\t\t\t<\/span>\n\t\t<\/div>\n\t\t\t\t\t\t<\/div>\n\t\t\t\t<\/div>\n\t\t\t\t<div class=\"elementor-element elementor-element-68b5966 elementor-widget elementor-widget-heading\" data-id=\"68b5966\" data-element_type=\"widget\" data-e-type=\"widget\" data-widget_type=\"heading.default\">\n\t\t\t\t<div class=\"elementor-widget-container\">\n\t\t\t\t\t<h3 class=\"elementor-heading-title elementor-size-default\">\u00bfC\u00f3mo cuidar las flores una vez entregadas?<\/h3>\t\t\t\t<\/div>\n\t\t\t\t<\/div>\n\t\t\t\t<div class=\"elementor-element elementor-element-b9efd14 elementor-widget elementor-widget-text-editor\" data-id=\"b9efd14\" data-element_type=\"widget\" data-e-type=\"widget\" data-widget_type=\"text-editor.default\">\n\t\t\t\t<div class=\"elementor-widget-container\">\n\t\t\t\t\t\t\t\t\t<p><strong>Consejos de cuidado:<\/strong><\/p><ul><li><strong>Corta<\/strong> los tallos en diagonal bajo agua fr\u00eda<\/li><li><strong>Cambia<\/strong> el agua cada 2-3 d\u00edas<\/li><li><strong>Coloca<\/strong> en lugar fresco, lejos del sol directo<\/li><\/ul><p>\u00a0<\/p><p><strong>Duraci\u00f3n esperada:<\/strong> 7-10 d\u00edas con cuidado adecuado<\/p>\t\t\t\t\t\t\t\t<\/div>\n\t\t\t\t<\/div>\n\t\t\t\t<div class=\"elementor-element elementor-element-ba7c31d elementor-widget-divider--view-line elementor-widget elementor-widget-divider\" data-id=\"ba7c31d\" data-element_type=\"widget\" data-e-type=\"widget\" data-widget_type=\"divider.default\">\n\t\t\t\t<div class=\"elementor-widget-container\">\n\t\t\t\t\t\t\t<div class=\"elementor-divider\">\n\t\t\t<span class=\"elementor-divider-separator\">\n\t\t\t\t\t\t<\/span>\n\t\t<\/div>\n\t\t\t\t\t\t<\/div>\n\t\t\t\t<\/div>\n\t\t\t\t<div class=\"elementor-element elementor-element-2ffb055 elementor-widget elementor-widget-heading\" data-id=\"2ffb055\" data-element_type=\"widget\" data-e-type=\"widget\" data-widget_type=\"heading.default\">\n\t\t\t\t<div class=\"elementor-widget-container\">\n\t\t\t\t\t<h3 class=\"elementor-heading-title elementor-size-default\">\u00bfTienen florister\u00edas f\u00edsicas en Managua?<\/h3>\t\t\t\t<\/div>\n\t\t\t\t<\/div>\n\t\t\t\t<div class=\"elementor-element elementor-element-12fbd5f elementor-widget elementor-widget-text-editor\" data-id=\"12fbd5f\" data-element_type=\"widget\" data-e-type=\"widget\" data-widget_type=\"text-editor.default\">\n\t\t\t\t<div class=\"elementor-widget-container\">\n\t\t\t\t\t\t\t\t\t<p><strong>Ubicaci\u00f3n principal:<\/strong><\/p><ul><li><strong>Direcci\u00f3n<\/strong>: Km 6.3 Carretera a Masaya, contiguo a Pinturas Comex. Managua, Nicaragua<\/li><li><strong>Horarios<\/strong>: Lunes a viernes 8:30 AM &#8211; 4:00 PM<ul><li>S\u00e1bados: 8:30 AM &#8211; 12:00 PM<\/li><\/ul><\/li><li><strong>Tel\u00e9fono<\/strong>: <a href=\"tel:+150588836430\">+1 (505) 8883-6430<\/a><\/li><li><strong>Estacionamiento<\/strong>: Disponible<\/li><\/ul><p><strong>Servicio en tienda<\/strong>: Arreglos personalizados y consulta experta<\/p>\t\t\t\t\t\t\t\t<\/div>\n\t\t\t\t<\/div>\n\t\t\t\t<\/div>\n\t\t<div class=\"elementor-element elementor-element-80f8a19 e-con-full e-flex e-con e-child\" data-id=\"80f8a19\" data-element_type=\"container\" data-e-type=\"container\">\n\t\t\t\t<div class=\"elementor-element elementor-element-99eb897 elementor-widget elementor-widget-html\" data-id=\"99eb897\" data-element_type=\"widget\" data-e-type=\"widget\" data-widget_type=\"html.default\">\n\t\t\t\t<div class=\"elementor-widget-container\">\n\t\t\t\t\t<script type=\"application\/ld+json\">\n{\n  \"@context\": \"https:\/\/schema.org\",\n  \"@type\": \"FAQPage\",\n  \"mainEntity\": [{\n    \"@type\": \"Question\",\n    \"name\": \"\u00bfCu\u00e1nto cuesta enviar paquetes a Nicaragua?\",\n    \"acceptedAnswer\": {\n      \"@type\": \"Answer\",\n      \"text\": \"Las tarifas var\u00edan seg\u00fan el peso...\"\n    }\n  }]\n}\n<\/script>\t\t\t\t<\/div>\n\t\t\t\t<\/div>\n\t\t\t\t<\/div>\n\t\t\t\t\t<\/div>\n\t\t\t\t<\/div>\n\t\t\t\t<\/div>\n\t\t","protected":false},"excerpt":{"rendered":"<p>\u00bfTen\u00e9s dudas sobre tu pedido? A continuaci\u00f3n encontrar\u00e1s informaci\u00f3n detallada sobre nuestras zonas de cobertura, tiempos de entrega y procesos de compra. Revis\u00e1 esta lista para resolver tus inquietudes r\u00e1pidamente antes de realizar tu orden. \u00bfA qu\u00e9 ciudades de Nicaragua env\u00edan flores? Cobertura completa + Precio Delivery: Floristeria El Tulipan realiza envios de flores a [&hellip;]<\/p>\n","protected":false},"author":104,"featured_media":0,"parent":0,"menu_order":7,"comment_status":"closed","ping_status":"closed","template":"elementor_header_footer","meta":{"inline_featured_image":false,"footnotes":""},"class_list":["post-51882","page","type-page","status-publish","hentry"],"yoast_head":"<!-- This site is optimized with the Yoast SEO plugin v27.4 - https:\/\/yoast.com\/product\/yoast-seo-wordpress\/ -->\n<title>Preguntas Frecuentes<\/title>\n<meta name=\"description\" content=\"encontr\u00e1 respuestas r\u00e1pidas sobre entregas, pagos y cuidados florales en Florister\u00eda El Tulip\u00e1n en Managua.\" \/>\n<meta name=\"robots\" content=\"index, follow, max-snippet:-1, max-image-preview:large, max-video-preview:-1\" \/>\n<link rel=\"canonical\" href=\"https:\/\/floristeriaeltulipan.com\/en\/preguntas-frecuentes\/\" \/>\n<meta property=\"og:locale\" content=\"en_US\" \/>\n<meta property=\"og:type\" content=\"article\" \/>\n<meta property=\"og:title\" content=\"Preguntas Frecuentes\" \/>\n<meta property=\"og:description\" content=\"encontr\u00e1 respuestas r\u00e1pidas sobre entregas, pagos y cuidados florales en Florister\u00eda El Tulip\u00e1n en Managua.\" \/>\n<meta property=\"og:url\" content=\"https:\/\/floristeriaeltulipan.com\/en\/preguntas-frecuentes\/\" \/>\n<meta property=\"og:site_name\" content=\"Florister\u00eda El Tulip\u00e1n\" \/>\n<meta property=\"article:publisher\" content=\"https:\/\/www.facebook.com\/eltulipani\" \/>\n<meta property=\"article:modified_time\" content=\"2026-02-28T05:18:22+00:00\" \/>\n<meta property=\"og:image\" content=\"https:\/\/floristeriaeltulipan.com\/wp-content\/uploads\/2022\/12\/miniatura-graph-12.jpeg\" \/>\n\t<meta property=\"og:image:width\" content=\"1200\" \/>\n\t<meta property=\"og:image:height\" content=\"630\" \/>\n\t<meta property=\"og:image:type\" content=\"image\/jpeg\" \/>\n<meta name=\"twitter:card\" content=\"summary_large_image\" \/>\n<meta name=\"twitter:label1\" content=\"Est. reading time\" \/>\n\t<meta name=\"twitter:data1\" content=\"2 minutes\" \/>\n<script type=\"application\/ld+json\" class=\"yoast-schema-graph\">{\"@context\":\"https:\\\/\\\/schema.org\",\"@graph\":[{\"@type\":\"WebPage\",\"@id\":\"https:\\\/\\\/floristeriaeltulipan.com\\\/preguntas-frecuentes\\\/\",\"url\":\"https:\\\/\\\/floristeriaeltulipan.com\\\/preguntas-frecuentes\\\/\",\"name\":\"Preguntas Frecuentes\",\"isPartOf\":{\"@id\":\"https:\\\/\\\/floristeriaeltulipan.com\\\/#website\"},\"datePublished\":\"2025-08-02T20:12:38+00:00\",\"dateModified\":\"2026-02-28T05:18:22+00:00\",\"description\":\"encontr\u00e1 respuestas r\u00e1pidas sobre entregas, pagos y cuidados florales en Florister\u00eda El Tulip\u00e1n en Managua.\",\"breadcrumb\":{\"@id\":\"https:\\\/\\\/floristeriaeltulipan.com\\\/preguntas-frecuentes\\\/#breadcrumb\"},\"inLanguage\":\"en-US\",\"potentialAction\":[{\"@type\":\"ReadAction\",\"target\":[\"https:\\\/\\\/floristeriaeltulipan.com\\\/preguntas-frecuentes\\\/\"]}]},{\"@type\":\"BreadcrumbList\",\"@id\":\"https:\\\/\\\/floristeriaeltulipan.com\\\/preguntas-frecuentes\\\/#breadcrumb\",\"itemListElement\":[{\"@type\":\"ListItem\",\"position\":1,\"name\":\"Inicio\",\"item\":\"https:\\\/\\\/floristeriaeltulipan.com\\\/\"},{\"@type\":\"ListItem\",\"position\":2,\"name\":\"Preguntas Frecuentes\"}]},{\"@type\":\"WebSite\",\"@id\":\"https:\\\/\\\/floristeriaeltulipan.com\\\/#website\",\"url\":\"https:\\\/\\\/floristeriaeltulipan.com\\\/\",\"name\":\"Floristeria El Tulipan\",\"description\":\"Envia flores a Nicaragua con Floristeria El Tulipan\",\"publisher\":{\"@id\":\"https:\\\/\\\/floristeriaeltulipan.com\\\/#organization\"},\"potentialAction\":[{\"@type\":\"SearchAction\",\"target\":{\"@type\":\"EntryPoint\",\"urlTemplate\":\"https:\\\/\\\/floristeriaeltulipan.com\\\/?s={search_term_string}\"},\"query-input\":{\"@type\":\"PropertyValueSpecification\",\"valueRequired\":true,\"valueName\":\"search_term_string\"}}],\"inLanguage\":\"en-US\"},{\"@type\":\"Organization\",\"@id\":\"https:\\\/\\\/floristeriaeltulipan.com\\\/#organization\",\"name\":\"Floristeria El Tulipan\",\"url\":\"https:\\\/\\\/floristeriaeltulipan.com\\\/\",\"logo\":{\"@type\":\"ImageObject\",\"inLanguage\":\"en-US\",\"@id\":\"https:\\\/\\\/floristeriaeltulipan.com\\\/#\\\/schema\\\/logo\\\/image\\\/\",\"url\":\"https:\\\/\\\/floristeriaeltulipan.com\\\/wp-content\\\/uploads\\\/2024\\\/05\\\/fact.webp\",\"contentUrl\":\"https:\\\/\\\/floristeriaeltulipan.com\\\/wp-content\\\/uploads\\\/2024\\\/05\\\/fact.webp\",\"width\":500,\"height\":144,\"caption\":\"Floristeria El Tulipan\"},\"image\":{\"@id\":\"https:\\\/\\\/floristeriaeltulipan.com\\\/#\\\/schema\\\/logo\\\/image\\\/\"},\"sameAs\":[\"https:\\\/\\\/www.facebook.com\\\/eltulipani\",\"https:\\\/\\\/www.instagram.com\\\/eltulipani\\\/\",\"https:\\\/\\\/g.page\\\/eltulipani\\\/\"]}]}<\/script>\n<!-- \/ Yoast SEO plugin. -->","yoast_head_json":{"title":"FAQs","description":"Find answers about delivery, payments, and flower care at El Tulip\u00e1n. Get all the details you need to order with confidence in Managua. Shop now!","robots":{"index":"index","follow":"follow","max-snippet":"max-snippet:-1","max-image-preview":"max-image-preview:large","max-video-preview":"max-video-preview:-1"},"canonical":"https:\/\/floristeriaeltulipan.com\/en\/preguntas-frecuentes\/","og_locale":"en_US","og_type":"article","og_title":"Preguntas Frecuentes","og_description":"encontr\u00e1 respuestas r\u00e1pidas sobre entregas, pagos y cuidados florales en Florister\u00eda El Tulip\u00e1n en Managua.","og_url":"https:\/\/floristeriaeltulipan.com\/en\/preguntas-frecuentes\/","og_site_name":"Florister\u00eda El Tulip\u00e1n","article_publisher":"https:\/\/www.facebook.com\/eltulipani","article_modified_time":"2026-02-28T05:18:22+00:00","og_image":[{"width":1200,"height":630,"url":"https:\/\/floristeriaeltulipan.com\/wp-content\/uploads\/2022\/12\/miniatura-graph-12.jpeg","type":"image\/jpeg"}],"twitter_card":"summary_large_image","twitter_misc":{"Est. reading time":"2 minutes"},"schema":{"@context":"https:\/\/schema.org","@graph":[{"@type":"WebPage","@id":"https:\/\/floristeriaeltulipan.com\/preguntas-frecuentes\/","url":"https:\/\/floristeriaeltulipan.com\/preguntas-frecuentes\/","name":"FAQs","isPartOf":{"@id":"https:\/\/floristeriaeltulipan.com\/#website"},"datePublished":"2025-08-02T20:12:38+00:00","dateModified":"2026-02-28T05:18:22+00:00","description":"Find answers about delivery, payments, and flower care at El Tulip\u00e1n. Get all the details you need to order with confidence in Managua. Shop now!","breadcrumb":{"@id":"https:\/\/floristeriaeltulipan.com\/preguntas-frecuentes\/#breadcrumb"},"inLanguage":"en-US","potentialAction":[{"@type":"ReadAction","target":["https:\/\/floristeriaeltulipan.com\/preguntas-frecuentes\/"]}]},{"@type":"BreadcrumbList","@id":"https:\/\/floristeriaeltulipan.com\/preguntas-frecuentes\/#breadcrumb","itemListElement":[{"@type":"ListItem","position":1,"name":"Inicio","item":"https:\/\/floristeriaeltulipan.com\/"},{"@type":"ListItem","position":2,"name":"Preguntas Frecuentes"}]},{"@type":"WebSite","@id":"https:\/\/floristeriaeltulipan.com\/#website","url":"https:\/\/floristeriaeltulipan.com\/","name":"Floristeria El Tulipan","description":"Send flowers to Nicaragua with Florister\u00eda El Tulip\u00e1n","publisher":{"@id":"https:\/\/floristeriaeltulipan.com\/#organization"},"potentialAction":[{"@type":"SearchAction","target":{"@type":"EntryPoint","urlTemplate":"https:\/\/floristeriaeltulipan.com\/?s={search_term_string}"},"query-input":{"@type":"PropertyValueSpecification","valueRequired":true,"valueName":"search_term_string"}}],"inLanguage":"en-US"},{"@type":"Organization","@id":"https:\/\/floristeriaeltulipan.com\/#organization","name":"Floristeria El Tulipan","url":"https:\/\/floristeriaeltulipan.com\/","logo":{"@type":"ImageObject","inLanguage":"en-US","@id":"https:\/\/floristeriaeltulipan.com\/#\/schema\/logo\/image\/","url":"https:\/\/floristeriaeltulipan.com\/wp-content\/uploads\/2024\/05\/fact.webp","contentUrl":"https:\/\/floristeriaeltulipan.com\/wp-content\/uploads\/2024\/05\/fact.webp","width":500,"height":144,"caption":"Floristeria El Tulipan"},"image":{"@id":"https:\/\/floristeriaeltulipan.com\/#\/schema\/logo\/image\/"},"sameAs":["https:\/\/www.facebook.com\/eltulipani","https:\/\/www.instagram.com\/eltulipani\/","https:\/\/g.page\/eltulipani\/"]}]}},"_links":{"self":[{"href":"https:\/\/floristeriaeltulipan.com\/en\/wp-json\/wp\/v2\/pages\/51882","targetHints":{"allow":["GET"]}}],"collection":[{"href":"https:\/\/floristeriaeltulipan.com\/en\/wp-json\/wp\/v2\/pages"}],"about":[{"href":"https:\/\/floristeriaeltulipan.com\/en\/wp-json\/wp\/v2\/types\/page"}],"author":[{"embeddable":true,"href":"https:\/\/floristeriaeltulipan.com\/en\/wp-json\/wp\/v2\/users\/104"}],"replies":[{"embeddable":true,"href":"https:\/\/floristeriaeltulipan.com\/en\/wp-json\/wp\/v2\/comments?post=51882"}],"version-history":[{"count":37,"href":"https:\/\/floristeriaeltulipan.com\/en\/wp-json\/wp\/v2\/pages\/51882\/revisions"}],"predecessor-version":[{"id":53012,"href":"https:\/\/floristeriaeltulipan.com\/en\/wp-json\/wp\/v2\/pages\/51882\/revisions\/53012"}],"wp:attachment":[{"href":"https:\/\/floristeriaeltulipan.com\/en\/wp-json\/wp\/v2\/media?parent=51882"}],"curies":[{"name":"wp","href":"https:\/\/api.w.org\/{rel}","templated":true}]}}