{"id":34250,"date":"2018-12-11T10:39:27","date_gmt":"2018-12-11T16:39:27","guid":{"rendered":"http:\/\/floristeriaeltulipan.com\/?page_id=34250"},"modified":"2022-12-21T22:17:42","modified_gmt":"2022-12-22T04:17:42","slug":"politica-de-privacidad","status":"publish","type":"page","link":"https:\/\/floristeriaeltulipan.com\/en\/politica-de-privacidad\/","title":{"rendered":"Pol\u00edtica de Privacidad"},"content":{"rendered":"<div data-elementor-type=\"wp-page\" data-elementor-id=\"34250\" class=\"elementor elementor-34250\" data-elementor-post-type=\"page\">\n\t\t\t\t\t\t<section class=\"elementor-section elementor-top-section elementor-element elementor-element-0c1f984 elementor-section-boxed elementor-section-height-default elementor-section-height-default\" data-id=\"0c1f984\" data-element_type=\"section\" data-e-type=\"section\" data-settings=\"{&quot;background_background&quot;:&quot;classic&quot;}\">\n\t\t\t\t\t\t<div class=\"elementor-container elementor-column-gap-default\">\n\t\t\t\t\t<div class=\"elementor-column elementor-col-100 elementor-top-column elementor-element elementor-element-41aea40\" data-id=\"41aea40\" data-element_type=\"column\" data-e-type=\"column\">\n\t\t\t<div class=\"elementor-widget-wrap elementor-element-populated\">\n\t\t\t\t\t\t\t<\/div>\n\t\t<\/div>\n\t\t\t\t\t<\/div>\n\t\t<\/section>\n\t\t\t\t<section class=\"elementor-section elementor-top-section elementor-element elementor-element-4708d9c9 elementor-section-boxed elementor-section-height-default elementor-section-height-default\" data-id=\"4708d9c9\" data-element_type=\"section\" data-e-type=\"section\">\n\t\t\t\t\t\t<div class=\"elementor-container elementor-column-gap-default\">\n\t\t\t\t\t<div class=\"elementor-column elementor-col-100 elementor-top-column elementor-element elementor-element-3cbef6ed\" data-id=\"3cbef6ed\" data-element_type=\"column\" data-e-type=\"column\">\n\t\t\t<div class=\"elementor-widget-wrap elementor-element-populated\">\n\t\t\t\t\t\t<div class=\"elementor-element elementor-element-2b0f1ebd elementor-widget elementor-widget-text-editor\" data-id=\"2b0f1ebd\" data-element_type=\"widget\" data-e-type=\"widget\" data-widget_type=\"text-editor.default\">\n\t\t\t\t<div class=\"elementor-widget-container\">\n\t\t\t\t\t\t\t\t\t<h1><span style=\"color: var( --e-global-color-text ); font-family: var( --e-global-typography-text-font-family ), Sans-serif; font-weight: var( --e-global-typography-text-font-weight ); font-size: 1rem;\">Floristeria El Tulipan (\u00abnosotros\u00bb, \u00aba nosotros\u00bb, \u00abnuestro\u00bb) opera el sitio web https:\/\/floristeriaeltulipan.com (en adelante, el \u00abServicio\u00bb).<\/span><br><\/h1>\n<p>Esta p\u00e1gina le informa de nuestras pol\u00edticas en materia de recopilaci\u00f3n, uso y divulgaci\u00f3n de datos personales cuando utiliza nuestro Servicio y de las opciones de las que dispone en relaci\u00f3n con esos datos. <a href=\"https:\/\/www.freeprivacypolicy.com\/free-privacy-policy-generator.php\" target=\"_blank\" rel=\"noopener noreferrer nofollow\">Pol\u00edtica de privacidad via Free Privacy Policy Website<\/a>.<\/p>\n<p>Utilizamos sus datos para prestarle el Servicio y mejorarlo. Al utilizar el Servicio, usted acepta la recopilaci\u00f3n y el uso de informaci\u00f3n de conformidad con esta pol\u00edtica. A menos que esta Pol\u00edtica de privacidad defina lo contrario, los t\u00e9rminos utilizados en ella tienen los mismos significados que nuestros T\u00e9rminos y Condiciones, disponibles en el https:\/\/floristeriaeltulipan.com<\/p>\n<h2>Definiciones<\/h2>\n<ul>\n<li><strong>Servicio<\/strong>Servicio es el sitio web https:\/\/floristeriaeltulipan.com operado por Floristeria El Tulipan<\/li>\n<li><strong>Datos personales<\/strong>Datos personales significa los datos sobre una persona f\u00edsica viva que puede ser identificada a partir de esos datos (o con esos datos y otra informaci\u00f3n de la que dispongamos o probablemente podamos disponer).<\/li>\n<li><strong>Datos de uso<\/strong>Datos de uso son los datos recopilados autom\u00e1ticamente, generados por el uso del Servicio o por la propia infraestructura del Servicio (por ejemplo, la duraci\u00f3n de la visita a una p\u00e1gina).<\/li>\n<li><strong>Cookies<\/strong>Las cookies son peque\u00f1os archivos almacenados en su dispositivo (ordenador o dispositivo m\u00f3vil).<\/li>\n<\/ul>\n<h2>Recopilaci\u00f3n y uso de la informaci\u00f3n<\/h2>\n<p>Recopilamos diferentes tipos de informaci\u00f3n con diversas finalidades para prestarle el<br>\nServicio y mejorarlo.<\/p>\n<h3>Tipos de datos recopilados<\/h3>\n<h4>Datos personales<\/h4>\n<p>Cuando utilice nuestro Servicio, es posible que le pidamos que nos proporcione determinada informaci\u00f3n personalmente identificable que podr\u00e1 ser utilizada para contactar con usted o para identificarle (\u00abDatos personales\u00bb). La informaci\u00f3n personalmente identificable puede incluir, entre otras, la siguiente:<\/p>\n<ul>\n<li>Direcci\u00f3n de e-mail<\/li>\n<li>Nombre y apellidos<\/li>\n<li>N\u00famero de tel\u00e9fono<\/li>\n<li>Direcci\u00f3n, localidad, provincia, c\u00f3digo postal, ciudad<\/li>\n<li>Cookies y datos de uso<\/li>\n<\/ul>\n<h4>Datos de uso<\/h4>\n<p>Tambi\u00e9n recopilamos informaci\u00f3n sobre la forma en la que se accede y utiliza el Servicio (\u00abDatos de uso\u00bb). Estos Datos de uso pueden incluir informaci\u00f3n como la direcci\u00f3n del protocolo de Internet de su ordenador (por ejemplo, direcci\u00f3n IP), tipo de navegador, versi\u00f3n del navegador, las p\u00e1ginas que visita de nuestro Servicio, la hora y la fecha de su visita, el tiempo que pasa en esas p\u00e1ginas, identificadores exclusivos de dispositivos y otros datos de diagn\u00f3stico.<\/p>\n<h4>Datos de cookies y seguimiento<\/h4>\n<p>Utilizamos cookies y tecnolog\u00edas de seguimiento similares para rastrear la actividad de nuestro Servicio y mantener determinada informaci\u00f3n.<\/p>\n<p>Las cookies son archivos con una peque\u00f1a cantidad de datos que pueden incluir un identificador exclusivo an\u00f3nimo. Las cookies son enviadas a su navegador desde un sitio web y se almacenan en su dispositivo. Otras tecnolog\u00edas de seguimiento tambi\u00e9n utilizadas son balizas, etiquetas y scripts para recopilar y rastrear la informaci\u00f3n, as\u00ed como para mejorar y analizar nuestro Servicio.<\/p>\n<p>Usted puede ordenar a su navegador que rechace todas las cookies o que le avise cuando se env\u00eda una cookie. Sin embargo, si no acepta cookies, es posible que no pueda utilizar algunas partes de nuestro Servicio.<\/p>\n<p>Ejemplos de Cookies que utilizamos:<\/p>\n<ul>\n<li><strong>Cookies de sesi\u00f3n.<\/strong> Utilizamos Cookies de sesi\u00f3n para operar nuestro Servicio.<\/li>\n<li><strong>Cookies de preferencia.<\/strong> Utilizamos Cookies de preferencia para recordar sus preferencias y diversos ajustes.<\/li>\n<li><strong>Cookies de seguridad.<\/strong> Utilizamos Cookies de seguridad para fines de seguridad.<\/li>\n<\/ul>\n<h2>Uso de datos<\/h2>\n<p>Floristeria El Tulipan utiliza los datos recopilados con diversas finalidades:<\/p>\n<ul>\n<li>Suministrar y mantener nuestro Servicio<\/li>\n<li>Notificarle cambios en nuestro Servicio<\/li>\n<li>Permitirle participar en funciones interactivas de nuestro Servicio cuando decida hacerlo<\/li>\n<li>Prestar asistencia al cliente<\/li>\n<li>Recopilar an\u00e1lisis o informaci\u00f3n valiosa que nos permitan mejorar nuestro Servicio<\/li>\n<li>Controlar el uso de nuestro Servicio<\/li>\n<li>Detectar, evitar y abordar problemas t\u00e9cnicos<\/li>\n<\/ul>\n<h2>Transferencia de datos<\/h2>\n<p>Su informaci\u00f3n, incluyendo Datos personales, puede ser transferida a \u2014y mantenida en\u2014 ordenadores localizados fuera de su estado, provincia, pa\u00eds u otra jurisdicci\u00f3n gubernamental donde las leyes de protecci\u00f3n de datos pueden diferir de las de su jurisdicci\u00f3n.<\/p>\n<p>Si usted se encuentra fuera de Nicaragua y decide facilitarnos informaci\u00f3n, tenga en cuenta que nosotros transferimos los datos, incluyendo Datos personales, a Nicaragua y que los tratamos all\u00ed.<\/p>\n<p>Su aceptaci\u00f3n de esta Pol\u00edtica de privacidad seguida de su env\u00edo de esta informaci\u00f3n representa que est\u00e1 de acuerdo con dicha transferencia.<\/p>\n<p>Floristeria El Tulipan emprender\u00e1 todas las medidas razonables necesarias para garantizar que sus datos sean tratados de forma segura y de conformidad con esta Pol\u00edtica de privacidad y no se realizar\u00e1 ninguna transferencia de sus Datos personales a una organizaci\u00f3n o pa\u00eds, salvo que existan unos controles adecuados establecidos incluyendo la seguridad de sus datos y otra informaci\u00f3n personal.<\/p>\n<h2>Divulgaci\u00f3n de datos<\/h2>\n<h3>Requisitos legales<\/h3>\n<p>Floristeria El Tulipan puede divulgar sus Datos personales de buena fe cuando considere que esta acci\u00f3n es necesaria para lo siguiente:<\/p>\n<ul>\n<li>Cumplir una obligaci\u00f3n legal<\/li>\n<li>Proteger y defender los derechos o bienes de Floristeria El Tulipan<\/li>\n<li>Prevenir o investigar posibles infracciones en relaci\u00f3n con el Servicio<\/li>\n<li>Proteger la seguridad personal de usuarios del Servicio o del p\u00fablico<\/li>\n<li>Protegerse frente a consecuencias legales<\/li>\n<\/ul>\n<h2>Seguridad de los datos<\/h2>\n<p>La seguridad de sus datos es importante para nosotros, pero recuerde que ning\u00fan m\u00e9todo de transmisi\u00f3n por Internet o m\u00e9todo de almacenamiento electr\u00f3nico resulta 100% seguro. A pesar de que nos esforzamos por utilizar medios comercialmente aceptables para proteger sus Datos personales, no podemos garantizar su seguridad absoluta.<\/p>\n<h2>Proveedores de servicios<\/h2>\n<p>Podemos contratar a personas f\u00edsicas y jur\u00eddicas terceras para facilitar nuestro Servicio (\u00abProveedores de servicios\u00bb), para que presten el Servicio en nuestro nombre, para que suministren servicios relacionados con el Servicio o para que nos ayuden a analizar c\u00f3mo se utiliza nuestro Servicio.<\/p>\n<p>Estos terceros tienen acceso a sus Datos personales \u00fanicamente para realizar estas tareas en nuestro nombre y est\u00e1n obligados a no divulgarlos ni utilizarlos con ning\u00fan otro fin.<\/p>\n<h3>An\u00e1lisis<\/h3>\n<p>Podemos utilizar Proveedores de servicios terceros para controlar y analizar el uso de nuestro Servicio.<\/p>\n<ul>\n<li><strong>Google Analytics<\/strong>Google Analytics es un servicio de anal\u00edtica web ofrecido por Google que rastrea e informa del tr\u00e1fico de los sitios web. Google utiliza los datos recopilados para rastrear y controlar el uso de nuestro Servicio. Estos datos son compartidos con otros servicios de Google. Google puede utilizar los datos recopilados para contextualizar y personalizar los anuncios de su propia red de publicidad.Puede optar por que su actividad en el Servicio no est\u00e9 disponible para Google Analytics instalando el complemento de inhabilitaci\u00f3n para el navegador. Este complemento evita que el JavaScript de Google Analytics (ga.js, analytics.js y dc.js) comparta informaci\u00f3n con Google Analytics sobre la actividad de las visitas.\n<p>Para m\u00e1s informaci\u00f3n sobre las pr\u00e1cticas de privacidad de Google, visite la p\u00e1gina web de Privacidad y Condiciones de Google: <a href=\"https:\/\/policies.google.com\/privacy?hl=en\" target=\"_blank\" rel=\"noopener noreferrer nofollow\">https:\/\/policies.google.com\/privacy?hl=en<\/a><\/p><\/li>\n<\/ul>\n<h2>Enlaces a otros sitios<\/h2>\n<p>Nuestro Servicio puede contener enlaces a otros sitios no operados por nosotros. Si hace clic en el enlace de un tercero, ser\u00e1 dirigido al sitio de ese tercero. Le recomendamos encarecidamente que revise la Pol\u00edtica de privacidad de todos los sitios que visite.<\/p>\n<p>No tenemos ning\u00fan control ni asumimos responsabilidad alguna con respecto al contenido, las pol\u00edticas o pr\u00e1cticas de privacidad de sitios o servicios de terceros.<\/p>\n<h2>Privacidad del menor<\/h2>\n<p>Nuestro servicio no est\u00e1 dirigido a ning\u00fan menor de 18 a\u00f1os (en adelante, \u00abMenor\u00bb).<\/p>\n<p>No recopilamos de forma consciente informaci\u00f3n personalmente identificable de menores de 18 a\u00f1os. Si es usted un padre\/madre o tutor y tiene conocimiento de que su hijo nos ha facilitado Datos personales, contacte con nosotros. Si tenemos conocimiento de que hemos recopilado Datos personales de menores sin verificaci\u00f3n del consentimiento parental, tomamos medidas para eliminar esa informaci\u00f3n de nuestros servidores.<\/p>\n<h2>Cambios en esta Pol\u00edtica de privacidad<\/h2>\n<p>Podemos actualizar nuestra Pol\u00edtica de privacidad peri\u00f3dicamente. Le notificaremos cualquier cambio publicando la nueva Pol\u00edtica de privacidad en esta p\u00e1gina.<\/p>\n<p>Le informaremos a trav\u00e9s del e-mail y\/o de un aviso destacado sobre nuestro Servicio antes de que el cambio entre en vigor y actualizaremos la \u00abfecha efectiva\u00bb en la parte superior de esta Pol\u00edtica de privacidad.<\/p>\n<p>Le recomendamos que revise esta Pol\u00edtica de privacidad peri\u00f3dicamente para comprobar si se ha introducido alg\u00fan cambio. Los cambios en esta Pol\u00edtica de privacidad entran en vigor cuando se publican en esta p\u00e1gina.<\/p>\n<h2>Contacte con nosotros<\/h2>\n<p>Si tiene alguna pregunta sobre esta Pol\u00edtica de privacidad, contacte con nosotros:<\/p>\n<ul>\n<li>Por e-mail: <a href=\"mailto:info@floristeriaeltulipan.com\">info@floristeriaeltulipan.com<\/a><\/li>\n<li>A trav\u00e9s del n\u00famero de tel\u00e9fono: <a href=\"tel:0050588836430\">(505) 8883-6430<\/a><\/li>\n<\/ul>\t\t\t\t\t\t\t\t<\/div>\n\t\t\t\t<\/div>\n\t\t\t\t\t<\/div>\n\t\t<\/div>\n\t\t\t\t\t<\/div>\n\t\t<\/section>\n\t\t\t\t<\/div>","protected":false},"excerpt":{"rendered":"<p>Floristeria El Tulipan (\u00abnosotros\u00bb, \u00aba nosotros\u00bb, \u00abnuestro\u00bb) opera el sitio web https:\/\/floristeriaeltulipan.com (en adelante, el \u00abServicio\u00bb). Esta p\u00e1gina le informa de nuestras pol\u00edticas en materia de recopilaci\u00f3n, uso y divulgaci\u00f3n de datos personales cuando utiliza nuestro Servicio y de las opciones de las que dispone en relaci\u00f3n con esos datos. Pol\u00edtica de privacidad via Free [&hellip;]<\/p>\n","protected":false},"author":104,"featured_media":0,"parent":0,"menu_order":0,"comment_status":"closed","ping_status":"closed","template":"elementor_header_footer","meta":{"footnotes":""},"class_list":["post-34250","page","type-page","status-publish","hentry"],"yoast_head":"<!-- This site is optimized with the Yoast SEO plugin v27.4 - https:\/\/yoast.com\/product\/yoast-seo-wordpress\/ -->\n<title>Pol\u00edtica de Privacidad<\/title>\n<meta name=\"description\" content=\"pol\u00edtica clara y segura para tus compras de arreglos florales online en Nicaragua.\" \/>\n<meta name=\"robots\" content=\"index, follow, max-snippet:-1, max-image-preview:large, max-video-preview:-1\" \/>\n<link rel=\"canonical\" href=\"https:\/\/floristeriaeltulipan.com\/en\/politica-de-privacidad\/\" \/>\n<meta property=\"og:locale\" content=\"en_US\" \/>\n<meta property=\"og:type\" content=\"article\" \/>\n<meta property=\"og:title\" content=\"Pol\u00edtica de Privacidad\" \/>\n<meta property=\"og:description\" content=\"pol\u00edtica clara y segura para tus compras de arreglos florales online en Nicaragua.\" \/>\n<meta property=\"og:url\" content=\"https:\/\/floristeriaeltulipan.com\/en\/politica-de-privacidad\/\" \/>\n<meta property=\"og:site_name\" content=\"Florister\u00eda El Tulip\u00e1n\" \/>\n<meta property=\"article:publisher\" content=\"https:\/\/www.facebook.com\/eltulipani\" \/>\n<meta property=\"article:modified_time\" content=\"2022-12-22T04:17:42+00:00\" \/>\n<meta property=\"og:image\" content=\"https:\/\/floristeriaeltulipan.com\/wp-content\/uploads\/2022\/12\/miniatura-graph-12.jpeg\" \/>\n\t<meta property=\"og:image:width\" content=\"1200\" \/>\n\t<meta property=\"og:image:height\" content=\"630\" \/>\n\t<meta property=\"og:image:type\" content=\"image\/jpeg\" \/>\n<meta name=\"twitter:card\" content=\"summary_large_image\" \/>\n<meta name=\"twitter:label1\" content=\"Est. reading time\" \/>\n\t<meta name=\"twitter:data1\" content=\"7 minutes\" \/>\n<script type=\"application\/ld+json\" class=\"yoast-schema-graph\">{\"@context\":\"https:\\\/\\\/schema.org\",\"@graph\":[{\"@type\":\"WebPage\",\"@id\":\"https:\\\/\\\/floristeriaeltulipan.com\\\/politica-de-privacidad\\\/\",\"url\":\"https:\\\/\\\/floristeriaeltulipan.com\\\/politica-de-privacidad\\\/\",\"name\":\"Pol\u00edtica de Privacidad\",\"isPartOf\":{\"@id\":\"https:\\\/\\\/floristeriaeltulipan.com\\\/#website\"},\"datePublished\":\"2018-12-11T16:39:27+00:00\",\"dateModified\":\"2022-12-22T04:17:42+00:00\",\"description\":\"pol\u00edtica clara y segura para tus compras de arreglos florales online en Nicaragua.\",\"breadcrumb\":{\"@id\":\"https:\\\/\\\/floristeriaeltulipan.com\\\/politica-de-privacidad\\\/#breadcrumb\"},\"inLanguage\":\"en-US\",\"potentialAction\":[{\"@type\":\"ReadAction\",\"target\":[\"https:\\\/\\\/floristeriaeltulipan.com\\\/politica-de-privacidad\\\/\"]}]},{\"@type\":\"BreadcrumbList\",\"@id\":\"https:\\\/\\\/floristeriaeltulipan.com\\\/politica-de-privacidad\\\/#breadcrumb\",\"itemListElement\":[{\"@type\":\"ListItem\",\"position\":1,\"name\":\"Inicio\",\"item\":\"https:\\\/\\\/floristeriaeltulipan.com\\\/\"},{\"@type\":\"ListItem\",\"position\":2,\"name\":\"Pol\u00edtica de Privacidad\"}]},{\"@type\":\"WebSite\",\"@id\":\"https:\\\/\\\/floristeriaeltulipan.com\\\/#website\",\"url\":\"https:\\\/\\\/floristeriaeltulipan.com\\\/\",\"name\":\"Floristeria El Tulipan\",\"description\":\"Envia flores a Nicaragua con Floristeria El Tulipan\",\"publisher\":{\"@id\":\"https:\\\/\\\/floristeriaeltulipan.com\\\/#organization\"},\"potentialAction\":[{\"@type\":\"SearchAction\",\"target\":{\"@type\":\"EntryPoint\",\"urlTemplate\":\"https:\\\/\\\/floristeriaeltulipan.com\\\/?s={search_term_string}\"},\"query-input\":{\"@type\":\"PropertyValueSpecification\",\"valueRequired\":true,\"valueName\":\"search_term_string\"}}],\"inLanguage\":\"en-US\"},{\"@type\":\"Organization\",\"@id\":\"https:\\\/\\\/floristeriaeltulipan.com\\\/#organization\",\"name\":\"Floristeria El Tulipan\",\"url\":\"https:\\\/\\\/floristeriaeltulipan.com\\\/\",\"logo\":{\"@type\":\"ImageObject\",\"inLanguage\":\"en-US\",\"@id\":\"https:\\\/\\\/floristeriaeltulipan.com\\\/#\\\/schema\\\/logo\\\/image\\\/\",\"url\":\"https:\\\/\\\/floristeriaeltulipan.com\\\/wp-content\\\/uploads\\\/2024\\\/05\\\/fact.webp\",\"contentUrl\":\"https:\\\/\\\/floristeriaeltulipan.com\\\/wp-content\\\/uploads\\\/2024\\\/05\\\/fact.webp\",\"width\":500,\"height\":144,\"caption\":\"Floristeria El Tulipan\"},\"image\":{\"@id\":\"https:\\\/\\\/floristeriaeltulipan.com\\\/#\\\/schema\\\/logo\\\/image\\\/\"},\"sameAs\":[\"https:\\\/\\\/www.facebook.com\\\/eltulipani\",\"https:\\\/\\\/www.instagram.com\\\/eltulipani\\\/\",\"https:\\\/\\\/g.page\\\/eltulipani\\\/\"]}]}<\/script>\n<!-- \/ Yoast SEO plugin. -->","yoast_head_json":{"title":"Pol\u00edtica de Privacidad","description":"pol\u00edtica clara y segura para tus compras de arreglos florales online en Nicaragua.","robots":{"index":"index","follow":"follow","max-snippet":"max-snippet:-1","max-image-preview":"max-image-preview:large","max-video-preview":"max-video-preview:-1"},"canonical":"https:\/\/floristeriaeltulipan.com\/en\/politica-de-privacidad\/","og_locale":"en_US","og_type":"article","og_title":"Pol\u00edtica de Privacidad","og_description":"pol\u00edtica clara y segura para tus compras de arreglos florales online en Nicaragua.","og_url":"https:\/\/floristeriaeltulipan.com\/en\/politica-de-privacidad\/","og_site_name":"Florister\u00eda El Tulip\u00e1n","article_publisher":"https:\/\/www.facebook.com\/eltulipani","article_modified_time":"2022-12-22T04:17:42+00:00","og_image":[{"width":1200,"height":630,"url":"https:\/\/floristeriaeltulipan.com\/wp-content\/uploads\/2022\/12\/miniatura-graph-12.jpeg","type":"image\/jpeg"}],"twitter_card":"summary_large_image","twitter_misc":{"Est. reading time":"7 minutes"},"schema":{"@context":"https:\/\/schema.org","@graph":[{"@type":"WebPage","@id":"https:\/\/floristeriaeltulipan.com\/politica-de-privacidad\/","url":"https:\/\/floristeriaeltulipan.com\/politica-de-privacidad\/","name":"Pol\u00edtica de Privacidad","isPartOf":{"@id":"https:\/\/floristeriaeltulipan.com\/#website"},"datePublished":"2018-12-11T16:39:27+00:00","dateModified":"2022-12-22T04:17:42+00:00","description":"pol\u00edtica clara y segura para tus compras de arreglos florales online en Nicaragua.","breadcrumb":{"@id":"https:\/\/floristeriaeltulipan.com\/politica-de-privacidad\/#breadcrumb"},"inLanguage":"en-US","potentialAction":[{"@type":"ReadAction","target":["https:\/\/floristeriaeltulipan.com\/politica-de-privacidad\/"]}]},{"@type":"BreadcrumbList","@id":"https:\/\/floristeriaeltulipan.com\/politica-de-privacidad\/#breadcrumb","itemListElement":[{"@type":"ListItem","position":1,"name":"Inicio","item":"https:\/\/floristeriaeltulipan.com\/"},{"@type":"ListItem","position":2,"name":"Pol\u00edtica de Privacidad"}]},{"@type":"WebSite","@id":"https:\/\/floristeriaeltulipan.com\/#website","url":"https:\/\/floristeriaeltulipan.com\/","name":"Floristeria El Tulipan","description":"Send flowers to Nicaragua with Florister\u00eda El Tulip\u00e1n","publisher":{"@id":"https:\/\/floristeriaeltulipan.com\/#organization"},"potentialAction":[{"@type":"SearchAction","target":{"@type":"EntryPoint","urlTemplate":"https:\/\/floristeriaeltulipan.com\/?s={search_term_string}"},"query-input":{"@type":"PropertyValueSpecification","valueRequired":true,"valueName":"search_term_string"}}],"inLanguage":"en-US"},{"@type":"Organization","@id":"https:\/\/floristeriaeltulipan.com\/#organization","name":"Floristeria El Tulipan","url":"https:\/\/floristeriaeltulipan.com\/","logo":{"@type":"ImageObject","inLanguage":"en-US","@id":"https:\/\/floristeriaeltulipan.com\/#\/schema\/logo\/image\/","url":"https:\/\/floristeriaeltulipan.com\/wp-content\/uploads\/2024\/05\/fact.webp","contentUrl":"https:\/\/floristeriaeltulipan.com\/wp-content\/uploads\/2024\/05\/fact.webp","width":500,"height":144,"caption":"Floristeria El Tulipan"},"image":{"@id":"https:\/\/floristeriaeltulipan.com\/#\/schema\/logo\/image\/"},"sameAs":["https:\/\/www.facebook.com\/eltulipani","https:\/\/www.instagram.com\/eltulipani\/","https:\/\/g.page\/eltulipani\/"]}]}},"_links":{"self":[{"href":"https:\/\/floristeriaeltulipan.com\/en\/wp-json\/wp\/v2\/pages\/34250","targetHints":{"allow":["GET"]}}],"collection":[{"href":"https:\/\/floristeriaeltulipan.com\/en\/wp-json\/wp\/v2\/pages"}],"about":[{"href":"https:\/\/floristeriaeltulipan.com\/en\/wp-json\/wp\/v2\/types\/page"}],"author":[{"embeddable":true,"href":"https:\/\/floristeriaeltulipan.com\/en\/wp-json\/wp\/v2\/users\/104"}],"replies":[{"embeddable":true,"href":"https:\/\/floristeriaeltulipan.com\/en\/wp-json\/wp\/v2\/comments?post=34250"}],"version-history":[{"count":10,"href":"https:\/\/floristeriaeltulipan.com\/en\/wp-json\/wp\/v2\/pages\/34250\/revisions"}],"predecessor-version":[{"id":49540,"href":"https:\/\/floristeriaeltulipan.com\/en\/wp-json\/wp\/v2\/pages\/34250\/revisions\/49540"}],"wp:attachment":[{"href":"https:\/\/floristeriaeltulipan.com\/en\/wp-json\/wp\/v2\/media?parent=34250"}],"curies":[{"name":"wp","href":"https:\/\/api.w.org\/{rel}","templated":true}]}}